{"id":14,"date":"2013-12-28T11:42:56","date_gmt":"2013-12-28T10:42:56","guid":{"rendered":"http:\/\/elasto.hr\/wordpress\/?page_id=14"},"modified":"2026-01-20T06:41:17","modified_gmt":"2026-01-20T05:41:17","slug":"tvrtka","status":"publish","type":"page","link":"https:\/\/elasto.hr\/wordpress\/tvrtka\/","title":{"rendered":"<!--:HR-->Tvrtka<!--:-->"},"content":{"rendered":"\t\t<div data-elementor-type=\"wp-page\" data-elementor-id=\"14\" class=\"elementor elementor-14\">\n\t\t\t\t\t\t<section class=\"elementor-section elementor-top-section elementor-element elementor-element-56eadd3e elementor-section-boxed elementor-section-height-default elementor-section-height-default\" data-id=\"56eadd3e\" data-element_type=\"section\">\n\t\t\t\t\t\t<div class=\"elementor-container elementor-column-gap-default\">\n\t\t\t\t\t<div class=\"elementor-column elementor-col-100 elementor-top-column elementor-element elementor-element-44077468\" data-id=\"44077468\" data-element_type=\"column\">\n\t\t\t<div class=\"elementor-widget-wrap elementor-element-populated\">\n\t\t\t\t\t\t<div class=\"elementor-element elementor-element-69c036d7 animated-slow elementor-invisible elementor-widget elementor-widget-text-editor\" data-id=\"69c036d7\" data-element_type=\"widget\" data-settings=\"{&quot;_animation&quot;:&quot;fadeInRight&quot;,&quot;_animation_delay&quot;:400}\" data-widget_type=\"text-editor.default\">\n\t\t\t\t<div class=\"elementor-widget-container\">\n\t\t\t\t\t\t\t\t\t<p style=\"text-align: justify;\"><strong style=\"line-height: 1.5em;\"><a href=\"http:\/\/www.elasto.hr\"><img decoding=\"async\" class=\"alignleft wp-image-986\" src=\"http:\/\/elasto.hr\/wordpress\/wp-content\/uploads\/2018\/05\/Tvrtka_Elasto.png\" alt=\"\" width=\"93\" height=\"107\" \/><\/a>Elasto d.o.o.<\/strong><span style=\"line-height: 1.5em;\">\u00a0je tvrtka specijalizirana za proizvodnju brtvenih elemenata hidrauli\u010dkih i pneumatskih sustava, te za proizvodnju ostalih gumeno-tehni\u010dkih proizvoda. Tvrtka je stvorena na temeljima proizvodnog obrta koji je zapo\u010deo sa radom jo\u0161 1982. godine.<\/span><\/p><p style=\"text-align: justify;\">Dugogodi\u0161nje iskustvo, odgovori na posebne zahtjeve na\u0161ih naru\u010ditelja te visoka razina stru\u010dnosti i usluge stvorili su veliki broj stalnih klijenata koji svoje probleme s hidrauli\u010dkim i pneumatskim komponentama u svakodnevnom poslovanju rje\u0161avaju u suradnji sa nama. Tijekom godina predanog rada razvili smo i \u010ditav niz gumeno-tehni\u010dkih proizvoda konstruiranih i proizvedenih prema specifi\u010dnim zahtjevima naru\u010ditelja, te smo tako zauzeli visoko mjesto na zahtjevnom doma\u0107em i stranom tr\u017ei\u0161tu.<\/p><p style=\"text-align: justify;\">Uspjeh svake tvrtke po\u010diva na zadovoljstvu njenih klijenata, te smo 2008. godine usvojili sustav upravljanja kvalitetom prema normi ISO 9001, te na taj na\u010din pru\u017eili jamstvo ponovljive kvalitete proizvoda i pru\u017eenih usluga. Zadovoljstvo na\u0161ih klijenata i ubudu\u0107e \u0107emo ostvarivati primjenom i stalnim pobolj\u0161anjem sustava upravljanja kvalitetom.<\/p><p style=\"text-align: justify;\">Ukoliko se u svome poslu koristite strojevima, alatima ili opremom koja u sebi sadr\u017ei hidrauli\u010dke ili pneumatske komponente, ili su Vam potrebni elementi specijalne konstrukcije izra\u0111eni od elastomera obratite nam se s povjerenjem kako bismo Vam pomogli rije\u0161iti problem.<\/p>\t\t\t\t\t\t\t\t<\/div>\n\t\t\t\t<\/div>\n\t\t\t\t\t<\/div>\n\t\t<\/div>\n\t\t\t\t\t<\/div>\n\t\t<\/section>\n\t\t\t\t<\/div>\n\t\t","protected":false},"excerpt":{"rendered":"<p>Elasto d.o.o.\u00a0je tvrtka specijalizirana za proizvodnju brtvenih elemenata hidrauli\u010dkih i pneumatskih sustava, te za proizvodnju ostalih gumeno-tehni\u010dkih proizvoda. Tvrtka je stvorena na temeljima proizvodnog obrta koji je zapo\u010deo sa radom jo\u0161 1982. godine. Dugogodi\u0161nje iskustvo, odgovori na posebne zahtjeve na\u0161ih naru\u010ditelja te visoka razina stru\u010dnosti i usluge stvorili su veliki broj stalnih klijenata koji svoje probleme s hidrauli\u010dkim i pneumatskim komponentama u svakodnevnom poslovanju rje\u0161avaju u suradnji sa nama. Tijekom godina predanog rada razvili smo i \u010ditav niz gumeno-tehni\u010dkih proizvoda konstruiranih i proizvedenih prema specifi\u010dnim zahtjevima naru\u010ditelja, te smo tako zauzeli visoko mjesto na zahtjevnom doma\u0107em i stranom tr\u017ei\u0161tu. Uspjeh svake tvrtke po\u010diva na zadovoljstvu njenih klijenata, te smo 2008. godine usvojili sustav upravljanja kvalitetom prema normi ISO 9001, te na taj na\u010din pru\u017eili jamstvo ponovljive kvalitete proizvoda i pru\u017eenih usluga. Zadovoljstvo na\u0161ih klijenata i ubudu\u0107e \u0107emo ostvarivati primjenom i stalnim pobolj\u0161anjem sustava upravljanja kvalitetom. Ukoliko se u svome poslu koristite strojevima, alatima ili opremom koja u sebi sadr\u017ei hidrauli\u010dke ili pneumatske komponente, ili su Vam potrebni elementi specijalne konstrukcije izra\u0111eni od elastomera obratite nam se s povjerenjem kako bismo Vam pomogli rije\u0161iti problem.<\/p>\n","protected":false},"author":1,"featured_media":0,"parent":0,"menu_order":0,"comment_status":"closed","ping_status":"closed","template":"","meta":{"footnotes":""},"class_list":["post-14","page","type-page","status-publish","hentry"],"_links":{"self":[{"href":"https:\/\/elasto.hr\/wordpress\/wp-json\/wp\/v2\/pages\/14","targetHints":{"allow":["GET"]}}],"collection":[{"href":"https:\/\/elasto.hr\/wordpress\/wp-json\/wp\/v2\/pages"}],"about":[{"href":"https:\/\/elasto.hr\/wordpress\/wp-json\/wp\/v2\/types\/page"}],"author":[{"embeddable":true,"href":"https:\/\/elasto.hr\/wordpress\/wp-json\/wp\/v2\/users\/1"}],"replies":[{"embeddable":true,"href":"https:\/\/elasto.hr\/wordpress\/wp-json\/wp\/v2\/comments?post=14"}],"version-history":[{"count":33,"href":"https:\/\/elasto.hr\/wordpress\/wp-json\/wp\/v2\/pages\/14\/revisions"}],"predecessor-version":[{"id":1220,"href":"https:\/\/elasto.hr\/wordpress\/wp-json\/wp\/v2\/pages\/14\/revisions\/1220"}],"wp:attachment":[{"href":"https:\/\/elasto.hr\/wordpress\/wp-json\/wp\/v2\/media?parent=14"}],"curies":[{"name":"wp","href":"https:\/\/api.w.org\/{rel}","templated":true}]}}