{"id":244,"date":"2014-01-04T09:59:08","date_gmt":"2014-01-04T08:59:08","guid":{"rendered":"http:\/\/www.elasto.hr\/?page_id=244"},"modified":"2026-01-20T07:51:04","modified_gmt":"2026-01-20T06:51:04","slug":"o-prsten-2","status":"publish","type":"page","link":"https:\/\/elasto.hr\/wordpress\/proizvodi\/o-prsten-2\/","title":{"rendered":"<!--:HR-->O-Prsten<!--:-->"},"content":{"rendered":"\t\t<div data-elementor-type=\"wp-page\" data-elementor-id=\"244\" class=\"elementor elementor-244\">\n\t\t\t\t\t\t<section class=\"elementor-section elementor-top-section elementor-element elementor-element-7a8846fb elementor-section-boxed elementor-section-height-default elementor-section-height-default\" data-id=\"7a8846fb\" data-element_type=\"section\">\n\t\t\t\t\t\t<div class=\"elementor-container elementor-column-gap-default\">\n\t\t\t\t\t<div class=\"elementor-column elementor-col-100 elementor-top-column elementor-element elementor-element-4670ad85\" data-id=\"4670ad85\" data-element_type=\"column\">\n\t\t\t<div class=\"elementor-widget-wrap elementor-element-populated\">\n\t\t\t\t\t\t<div class=\"elementor-element elementor-element-422dcfa3 animated-slow elementor-invisible elementor-widget elementor-widget-text-editor\" data-id=\"422dcfa3\" data-element_type=\"widget\" data-settings=\"{&quot;_animation&quot;:&quot;fadeInRight&quot;,&quot;_animation_delay&quot;:400}\" data-widget_type=\"text-editor.default\">\n\t\t\t\t<div class=\"elementor-widget-container\">\n\t\t\t\t\t\t\t\t\t<h5><a href=\"http:\/\/elasto.hr\/wordpress\/wp-content\/uploads\/2014\/05\/O-Prsten.jpg\"><img decoding=\"async\" class=\"alignleft wp-image-686\" src=\"http:\/\/elasto.hr\/wordpress\/wp-content\/uploads\/2014\/05\/O-Prsten.jpg\" alt=\"O-Prsten\" width=\"200\" height=\"200\" srcset=\"https:\/\/elasto.hr\/wordpress\/wp-content\/uploads\/2014\/05\/O-Prsten.jpg 250w, https:\/\/elasto.hr\/wordpress\/wp-content\/uploads\/2014\/05\/O-Prsten-150x150.jpg 150w\" sizes=\"(max-width: 200px) 100vw, 200px\" \/><\/a>OPIS PROIZVODA<\/h5><p>O-Prsten predstavlja, konstruktivno gledano, vrlo jednostavan brtveni element, to je okrugli prsten kru\u009enog popre\u010dnog presjeka (torus). O-Prsten kao brtveni element vjerojatno je najra\u0161\u009aireniji tip brtvenih elemenata uop\u0107e. Gotovo da i ne postoji hidrauli\u010dki ili pneumatski sklop u kojem se ne mo\u017e\u009ee na\u0107i O-Prsten.<\/p><h5>PREDNOSTI PROIZVODA<\/h5><p>O-Prsten kao brtveni element, posebno u primjeni kod stati\u010dkog brtvljenja, gotovo da je nezamjenjiv bilo kojim drugim tipom brtvenog elementa. O-Prsten je u\u010dinkovit u primjeni, cijena mu je niska, ukoliko je pravilno ugra\u0111en, te ukoliko je materijal izrade prilago\u0111en namjeni, trajnost O-Prstena je iznimna. Ukoliko je potrebno O-Prsten primjeniti u ekstremno te\u0161\u009akim uvijetima rada, uz upotrebu odgovaraju\u0107ih za\u009atitnih elemenata, O-Prsten \u0107e i u takvim nepovoljnim uvijetima pokazati iznimnu trajnost.<\/p><h5>MATERIJALI IZRADE<\/h5><p>&#8211; Svi elastomeri (ovisno o namjeni)<\/p><h5>PRIMJENA I PREDVI\u0110ENI RADNI UVIJETI<\/h5><p>Hidraulika, pneumatika<br \/>Radni tlak: do 180 bara<br \/>Radne brzine: 0,5 m\/s<br \/>Radne temperature: -30\u00b0C do +110\u00b0C<!--:--><!--:en--><\/p><h5><br \/><!--:--><\/h5>\t\t\t\t\t\t\t\t<\/div>\n\t\t\t\t<\/div>\n\t\t\t\t\t<\/div>\n\t\t<\/div>\n\t\t\t\t\t<\/div>\n\t\t<\/section>\n\t\t\t\t<\/div>\n\t\t","protected":false},"excerpt":{"rendered":"<p>OPIS PROIZVODA O-Prsten predstavlja, konstruktivno gledano, vrlo jednostavan brtveni element, to je okrugli prsten kru\u009enog popre\u010dnog presjeka (torus). O-Prsten kao brtveni element vjerojatno je najra\u0161\u009aireniji tip brtvenih elemenata uop\u0107e. Gotovo da i ne postoji hidrauli\u010dki ili pneumatski sklop u kojem se ne mo\u017e\u009ee na\u0107i O-Prsten. PREDNOSTI PROIZVODA O-Prsten kao brtveni element, posebno u primjeni kod stati\u010dkog brtvljenja, gotovo da je nezamjenjiv bilo kojim drugim tipom brtvenog elementa. O-Prsten je u\u010dinkovit u primjeni, cijena mu je niska, ukoliko je pravilno ugra\u0111en, te ukoliko je materijal izrade prilago\u0111en namjeni, trajnost O-Prstena je iznimna. Ukoliko je potrebno O-Prsten primjeniti u ekstremno te\u0161\u009akim uvijetima rada, uz upotrebu odgovaraju\u0107ih za\u009atitnih elemenata, O-Prsten \u0107e i u takvim nepovoljnim uvijetima pokazati iznimnu trajnost. MATERIJALI IZRADE &#8211; Svi elastomeri (ovisno o namjeni) PRIMJENA I PREDVI\u0110ENI RADNI UVIJETI Hidraulika, pneumatikaRadni tlak: do 180 baraRadne brzine: 0,5 m\/sRadne temperature: -30\u00b0C do +110\u00b0C<\/p>\n","protected":false},"author":1,"featured_media":0,"parent":33,"menu_order":0,"comment_status":"closed","ping_status":"closed","template":"","meta":{"footnotes":""},"class_list":["post-244","page","type-page","status-publish","hentry"],"_links":{"self":[{"href":"https:\/\/elasto.hr\/wordpress\/wp-json\/wp\/v2\/pages\/244","targetHints":{"allow":["GET"]}}],"collection":[{"href":"https:\/\/elasto.hr\/wordpress\/wp-json\/wp\/v2\/pages"}],"about":[{"href":"https:\/\/elasto.hr\/wordpress\/wp-json\/wp\/v2\/types\/page"}],"author":[{"embeddable":true,"href":"https:\/\/elasto.hr\/wordpress\/wp-json\/wp\/v2\/users\/1"}],"replies":[{"embeddable":true,"href":"https:\/\/elasto.hr\/wordpress\/wp-json\/wp\/v2\/comments?post=244"}],"version-history":[{"count":18,"href":"https:\/\/elasto.hr\/wordpress\/wp-json\/wp\/v2\/pages\/244\/revisions"}],"predecessor-version":[{"id":1317,"href":"https:\/\/elasto.hr\/wordpress\/wp-json\/wp\/v2\/pages\/244\/revisions\/1317"}],"up":[{"embeddable":true,"href":"https:\/\/elasto.hr\/wordpress\/wp-json\/wp\/v2\/pages\/33"}],"wp:attachment":[{"href":"https:\/\/elasto.hr\/wordpress\/wp-json\/wp\/v2\/media?parent=244"}],"curies":[{"name":"wp","href":"https:\/\/api.w.org\/{rel}","templated":true}]}}