{"id":273,"date":"2014-01-04T10:07:05","date_gmt":"2014-01-04T09:07:05","guid":{"rendered":"http:\/\/www.elasto.hr\/?page_id=273"},"modified":"2026-01-20T10:00:11","modified_gmt":"2026-01-20T09:00:11","slug":"brisac-prasine-tip-p2","status":"publish","type":"page","link":"https:\/\/elasto.hr\/wordpress\/proizvodi\/brisaci-prasine\/brisac-prasine-tip-p2\/","title":{"rendered":"<!--:HR-->Brisa\u010d pra\u0161ine tip P2<!--:-->"},"content":{"rendered":"\t\t<div data-elementor-type=\"wp-page\" data-elementor-id=\"273\" class=\"elementor elementor-273\">\n\t\t\t\t\t\t<section class=\"elementor-section elementor-top-section elementor-element elementor-element-6a2611e7 elementor-section-boxed elementor-section-height-default elementor-section-height-default\" data-id=\"6a2611e7\" data-element_type=\"section\">\n\t\t\t\t\t\t<div class=\"elementor-container elementor-column-gap-default\">\n\t\t\t\t\t<div class=\"elementor-column elementor-col-100 elementor-top-column elementor-element elementor-element-10c0d361\" data-id=\"10c0d361\" data-element_type=\"column\">\n\t\t\t<div class=\"elementor-widget-wrap elementor-element-populated\">\n\t\t\t\t\t\t<div class=\"elementor-element elementor-element-76b0ce3 elementor-widget elementor-widget-text-editor\" data-id=\"76b0ce3\" data-element_type=\"widget\" data-widget_type=\"text-editor.default\">\n\t\t\t\t<div class=\"elementor-widget-container\">\n\t\t\t\t\t\t\t\t\t<h5><a href=\"http:\/\/elasto.hr\/wordpress\/wp-content\/uploads\/2014\/05\/P2.jpg\"><img decoding=\"async\" class=\"alignleft wp-image-688\" src=\"http:\/\/elasto.hr\/wordpress\/wp-content\/uploads\/2014\/05\/P2.jpg\" alt=\"P2\" width=\"200\" height=\"200\" srcset=\"https:\/\/elasto.hr\/wordpress\/wp-content\/uploads\/2014\/05\/P2.jpg 250w, https:\/\/elasto.hr\/wordpress\/wp-content\/uploads\/2014\/05\/P2-150x150.jpg 150w\" sizes=\"(max-width: 200px) 100vw, 200px\" \/><\/a>OPIS PROIZVODA<\/h5><p>Brisa\u010di pra\u0161ine tip P2 poput brisa\u010da tip P1 spadaju u vitalne za\u0161titne elemente hidrauli\u010dkih i pneumatskih cilindara. Konstruktivno je oja\u010dan \u010dahurom izra\u0111enom od \u010delika ili poliacetala (POM). Zada\u0107a im je osigurati potpunu za\u0161titu hidrauli\u010dkih ili pneumatskih sustava od prodora ne\u010disto\u0107a poput pra\u0161ine, ne\u017eeljenih fluida ili bilo kojih drugih oblika kontaminacije koja bi mogla prodrijeti u sustav, te trajno o\u0161tetiti brojne elemente sustava.<\/p><h5>PREDNOSTI PROIZVODA<\/h5><p>Oja\u010danje brisa\u010da tipa P2 omogu\u0107ava ugradnju u otvoreno ku\u010di\u0161te (to tehnolo\u0161ki pojednostavljuje izradu ku\u010di\u0161ta), te mu spomenuto oja\u010danje omogu\u0107ava primjenu u ekstremnim radnim uvijetima zbog krutog dosjeda u ku\u010di\u0161tu, a to ujedno sprije\u010dava prodor ne\u010disto\u0107a uz vanjski promjer proizvoda.<\/p><h5>MATERIJALI IZRADE<\/h5><p>&#8211; NBR+\u010deli\u010dna \u010dahura<br \/>&#8211; FKM+\u010deli\u010dna \u010dahura<br \/>&#8211; NBR+POM \u010dahura<\/p><h5>PRIMJENA I PREDVI\u0110ENI RADNI UVIJETI<\/h5><p>Hidraulika, pneumatika<br \/>Radni tlak: &#8211;<br \/>Radne brzine: 0,5 m\/s<br \/>Radne temperature: -30\u00b0C do +110\u00b0C<!--:--><!--:en--><\/p><h5><br \/><!--:--><\/h5>\t\t\t\t\t\t\t\t<\/div>\n\t\t\t\t<\/div>\n\t\t\t\t\t<\/div>\n\t\t<\/div>\n\t\t\t\t\t<\/div>\n\t\t<\/section>\n\t\t\t\t<\/div>\n\t\t","protected":false},"excerpt":{"rendered":"<p>OPIS PROIZVODA Brisa\u010di pra\u0161ine tip P2 poput brisa\u010da tip P1 spadaju u vitalne za\u0161titne elemente hidrauli\u010dkih i pneumatskih cilindara. Konstruktivno je oja\u010dan \u010dahurom izra\u0111enom od \u010delika ili poliacetala (POM). Zada\u0107a im je osigurati potpunu za\u0161titu hidrauli\u010dkih ili pneumatskih sustava od prodora ne\u010disto\u0107a poput pra\u0161ine, ne\u017eeljenih fluida ili bilo kojih drugih oblika kontaminacije koja bi mogla prodrijeti u sustav, te trajno o\u0161tetiti brojne elemente sustava. PREDNOSTI PROIZVODA Oja\u010danje brisa\u010da tipa P2 omogu\u0107ava ugradnju u otvoreno ku\u010di\u0161te (to tehnolo\u0161ki pojednostavljuje izradu ku\u010di\u0161ta), te mu spomenuto oja\u010danje omogu\u0107ava primjenu u ekstremnim radnim uvijetima zbog krutog dosjeda u ku\u010di\u0161tu, a to ujedno sprije\u010dava prodor ne\u010disto\u0107a uz vanjski promjer proizvoda. MATERIJALI IZRADE &#8211; NBR+\u010deli\u010dna \u010dahura&#8211; FKM+\u010deli\u010dna \u010dahura&#8211; NBR+POM \u010dahura PRIMJENA I PREDVI\u0110ENI RADNI UVIJETI Hidraulika, pneumatikaRadni tlak: &#8211;Radne brzine: 0,5 m\/sRadne temperature: -30\u00b0C do +110\u00b0C<\/p>\n","protected":false},"author":1,"featured_media":0,"parent":342,"menu_order":0,"comment_status":"closed","ping_status":"closed","template":"","meta":{"footnotes":""},"class_list":["post-273","page","type-page","status-publish","hentry"],"_links":{"self":[{"href":"https:\/\/elasto.hr\/wordpress\/wp-json\/wp\/v2\/pages\/273","targetHints":{"allow":["GET"]}}],"collection":[{"href":"https:\/\/elasto.hr\/wordpress\/wp-json\/wp\/v2\/pages"}],"about":[{"href":"https:\/\/elasto.hr\/wordpress\/wp-json\/wp\/v2\/types\/page"}],"author":[{"embeddable":true,"href":"https:\/\/elasto.hr\/wordpress\/wp-json\/wp\/v2\/users\/1"}],"replies":[{"embeddable":true,"href":"https:\/\/elasto.hr\/wordpress\/wp-json\/wp\/v2\/comments?post=273"}],"version-history":[{"count":16,"href":"https:\/\/elasto.hr\/wordpress\/wp-json\/wp\/v2\/pages\/273\/revisions"}],"predecessor-version":[{"id":1335,"href":"https:\/\/elasto.hr\/wordpress\/wp-json\/wp\/v2\/pages\/273\/revisions\/1335"}],"up":[{"embeddable":true,"href":"https:\/\/elasto.hr\/wordpress\/wp-json\/wp\/v2\/pages\/342"}],"wp:attachment":[{"href":"https:\/\/elasto.hr\/wordpress\/wp-json\/wp\/v2\/media?parent=273"}],"curies":[{"name":"wp","href":"https:\/\/api.w.org\/{rel}","templated":true}]}}