{"id":277,"date":"2014-01-04T10:09:30","date_gmt":"2014-01-04T09:09:30","guid":{"rendered":"http:\/\/www.elasto.hr\/?page_id=277"},"modified":"2026-01-20T10:02:09","modified_gmt":"2026-01-20T09:02:09","slug":"brisac-prasine-tip-p3","status":"publish","type":"page","link":"https:\/\/elasto.hr\/wordpress\/proizvodi\/brisaci-prasine\/brisac-prasine-tip-p3\/","title":{"rendered":"<!--:HR-->Brisa\u010d pra\u0161ine tip P3<!--:-->"},"content":{"rendered":"\t\t<div data-elementor-type=\"wp-page\" data-elementor-id=\"277\" class=\"elementor elementor-277\">\n\t\t\t\t\t\t<section class=\"elementor-section elementor-top-section elementor-element elementor-element-7bb8d55c elementor-section-boxed elementor-section-height-default elementor-section-height-default\" data-id=\"7bb8d55c\" data-element_type=\"section\">\n\t\t\t\t\t\t<div class=\"elementor-container elementor-column-gap-default\">\n\t\t\t\t\t<div class=\"elementor-column elementor-col-100 elementor-top-column elementor-element elementor-element-680734c6\" data-id=\"680734c6\" data-element_type=\"column\">\n\t\t\t<div class=\"elementor-widget-wrap elementor-element-populated\">\n\t\t\t\t\t\t<div class=\"elementor-element elementor-element-25aca692 elementor-widget elementor-widget-text-editor\" data-id=\"25aca692\" data-element_type=\"widget\" data-widget_type=\"text-editor.default\">\n\t\t\t\t<div class=\"elementor-widget-container\">\n\t\t\t\t\t\t\t\t\t<h5><a href=\"http:\/\/elasto.hr\/wordpress\/wp-content\/uploads\/2014\/05\/P3.jpg\"><img decoding=\"async\" class=\"alignleft wp-image-689\" src=\"http:\/\/elasto.hr\/wordpress\/wp-content\/uploads\/2014\/05\/P3.jpg\" alt=\"P3\" width=\"200\" height=\"200\" srcset=\"https:\/\/elasto.hr\/wordpress\/wp-content\/uploads\/2014\/05\/P3.jpg 250w, https:\/\/elasto.hr\/wordpress\/wp-content\/uploads\/2014\/05\/P3-150x150.jpg 150w\" sizes=\"(max-width: 200px) 100vw, 200px\" \/><\/a>OPIS PROIZVODA<\/h5><p>Brisa\u010d pra\u0161ine tip P3 predstavlja kombinaciju izme\u0111u brisa\u010da tip P1 i brtvenog elementa\u00a0 man\u017eete, te ujedinjuje funkciju brisa\u010da (sprije\u010dava kontaminaciju sustava ne\u010disto\u0107ama) i funkciju sekundarnog brtvljenja zaostalog uljnog filma koji ostaje iza nekih tipova primarnih brtvenih elemenata (poput PTFE brtvenog sklopa tip PBS-U). Va\u017eno je napomenuti da brisa\u010d pra\u0161ine tip P3 nije namijenjen primarnom brtvljenju u hidrauli\u010dkim cilindrima.<\/p><h5>PREDNOSTI PROIZVODA<\/h5><p>Ovaj proizvod osigurava pouzdanu za\u0161titu od kontaminacije sustava raznim ne\u010disto\u0107ama pri \u010demu istovremeno obavlja funkciju sekundarnog brtvljenja. Dodatna prednost ovog proizvoda je mala potrebna ugradbena visina u glavi cilindra u kojoj je sekundarno brtvljenje potrebno (jer nije potrebno ugraditi zasebnu sekundarnu brtvu, npr. man\u017eetu).<\/p><h5>MATERIJALI IZRADE<\/h5><p>&#8211; NBR<br \/>&#8211; FKM<br \/>&#8211; AU<\/p><h5>PRIMJENA I PREDVI\u0110ENI RADNI UVIJETI<\/h5><p>Hidraulika<br \/>Radni tlak: &#8211;<br \/>Radne brzine: 0,5 m\/s<br \/>Radne temperature: -30\u00b0C do +110\u00b0C<!--:--><!--:en--><\/p><h5><br \/><!--:--><\/h5>\t\t\t\t\t\t\t\t<\/div>\n\t\t\t\t<\/div>\n\t\t\t\t\t<\/div>\n\t\t<\/div>\n\t\t\t\t\t<\/div>\n\t\t<\/section>\n\t\t\t\t<\/div>\n\t\t","protected":false},"excerpt":{"rendered":"<p>OPIS PROIZVODA Brisa\u010d pra\u0161ine tip P3 predstavlja kombinaciju izme\u0111u brisa\u010da tip P1 i brtvenog elementa\u00a0 man\u017eete, te ujedinjuje funkciju brisa\u010da (sprije\u010dava kontaminaciju sustava ne\u010disto\u0107ama) i funkciju sekundarnog brtvljenja zaostalog uljnog filma koji ostaje iza nekih tipova primarnih brtvenih elemenata (poput PTFE brtvenog sklopa tip PBS-U). Va\u017eno je napomenuti da brisa\u010d pra\u0161ine tip P3 nije namijenjen primarnom brtvljenju u hidrauli\u010dkim cilindrima. PREDNOSTI PROIZVODA Ovaj proizvod osigurava pouzdanu za\u0161titu od kontaminacije sustava raznim ne\u010disto\u0107ama pri \u010demu istovremeno obavlja funkciju sekundarnog brtvljenja. Dodatna prednost ovog proizvoda je mala potrebna ugradbena visina u glavi cilindra u kojoj je sekundarno brtvljenje potrebno (jer nije potrebno ugraditi zasebnu sekundarnu brtvu, npr. man\u017eetu). MATERIJALI IZRADE &#8211; NBR&#8211; FKM&#8211; AU PRIMJENA I PREDVI\u0110ENI RADNI UVIJETI HidraulikaRadni tlak: &#8211;Radne brzine: 0,5 m\/sRadne temperature: -30\u00b0C do +110\u00b0C<\/p>\n","protected":false},"author":1,"featured_media":0,"parent":342,"menu_order":0,"comment_status":"closed","ping_status":"closed","template":"","meta":{"footnotes":""},"class_list":["post-277","page","type-page","status-publish","hentry"],"_links":{"self":[{"href":"https:\/\/elasto.hr\/wordpress\/wp-json\/wp\/v2\/pages\/277","targetHints":{"allow":["GET"]}}],"collection":[{"href":"https:\/\/elasto.hr\/wordpress\/wp-json\/wp\/v2\/pages"}],"about":[{"href":"https:\/\/elasto.hr\/wordpress\/wp-json\/wp\/v2\/types\/page"}],"author":[{"embeddable":true,"href":"https:\/\/elasto.hr\/wordpress\/wp-json\/wp\/v2\/users\/1"}],"replies":[{"embeddable":true,"href":"https:\/\/elasto.hr\/wordpress\/wp-json\/wp\/v2\/comments?post=277"}],"version-history":[{"count":18,"href":"https:\/\/elasto.hr\/wordpress\/wp-json\/wp\/v2\/pages\/277\/revisions"}],"predecessor-version":[{"id":1338,"href":"https:\/\/elasto.hr\/wordpress\/wp-json\/wp\/v2\/pages\/277\/revisions\/1338"}],"up":[{"embeddable":true,"href":"https:\/\/elasto.hr\/wordpress\/wp-json\/wp\/v2\/pages\/342"}],"wp:attachment":[{"href":"https:\/\/elasto.hr\/wordpress\/wp-json\/wp\/v2\/media?parent=277"}],"curies":[{"name":"wp","href":"https:\/\/api.w.org\/{rel}","templated":true}]}}