{"id":279,"date":"2014-01-04T10:10:41","date_gmt":"2014-01-04T09:10:41","guid":{"rendered":"http:\/\/www.elasto.hr\/?page_id=279"},"modified":"2026-01-20T10:06:02","modified_gmt":"2026-01-20T09:06:02","slug":"manzeta-tip-m1","status":"publish","type":"page","link":"https:\/\/elasto.hr\/wordpress\/proizvodi\/manzete\/manzeta-tip-m1\/","title":{"rendered":"<!--:HR-->Man\u017eeta tip M1<!--:-->"},"content":{"rendered":"\t\t<div data-elementor-type=\"wp-page\" data-elementor-id=\"279\" class=\"elementor elementor-279\">\n\t\t\t\t\t\t<section class=\"elementor-section elementor-top-section elementor-element elementor-element-3cd356bd elementor-section-boxed elementor-section-height-default elementor-section-height-default\" data-id=\"3cd356bd\" data-element_type=\"section\">\n\t\t\t\t\t\t<div class=\"elementor-container elementor-column-gap-default\">\n\t\t\t\t\t<div class=\"elementor-column elementor-col-100 elementor-top-column elementor-element elementor-element-48b13b50\" data-id=\"48b13b50\" data-element_type=\"column\">\n\t\t\t<div class=\"elementor-widget-wrap elementor-element-populated\">\n\t\t\t\t\t\t<div class=\"elementor-element elementor-element-2afe8c34 elementor-widget elementor-widget-text-editor\" data-id=\"2afe8c34\" data-element_type=\"widget\" data-widget_type=\"text-editor.default\">\n\t\t\t\t<div class=\"elementor-widget-container\">\n\t\t\t\t\t\t\t\t\t<h5><a href=\"http:\/\/elasto.hr\/wordpress\/wp-content\/uploads\/2014\/05\/M1.jpg\"><img decoding=\"async\" class=\"alignleft wp-image-678\" src=\"http:\/\/elasto.hr\/wordpress\/wp-content\/uploads\/2014\/05\/M1.jpg\" alt=\"M1\" width=\"200\" height=\"200\" srcset=\"https:\/\/elasto.hr\/wordpress\/wp-content\/uploads\/2014\/05\/M1.jpg 250w, https:\/\/elasto.hr\/wordpress\/wp-content\/uploads\/2014\/05\/M1-150x150.jpg 150w\" sizes=\"(max-width: 200px) 100vw, 200px\" \/><\/a><span style=\"color: #000000; font-size: 1em; line-height: 1.5em;\">OPIS PROIZVODA<\/span><\/h5><p>Man\u017eete u cjelini predstavljaju klasi\u010dno rje\u0161enje za dinami\u010dko brtvljenje u hidrauli\u010dkim i pneumatskim cilindrima, te se kao takve naj\u010de\u0161\u0107e nalaze u spomenutim sustavima. Man\u017eeta tip M1 konstruirana je sa asimetri\u010dnim brtvenim usnama za u\u010dinkovito unutranje brtvljenje (unutranji promjer proizvoda je radni, dok vanjski promjer miruje u odnosu na strojni dio u koji je ugra\u0111en).<\/p><h5>PREDNOSTI PROIZVODA<\/h5><p>Obzirom na svoje geometrijske karakteristike man\u017eeta tipa M1 osigurava u\u010dinkovito brtvljenje u hidrauli\u010dkim i pneumatskim cilindrima, te zahtijeva manju ugradbenu visinu u sklopu za koji je namjenjena. Uz jednostavnost monta\u017ee i nisku cijenu ovaj proizvod pokazuje iznimnu trajnost u umjerenim radnim uvijetima.<\/p><h5>MATERIJALI IZRADE<\/h5><p>&#8211; NBR<br \/>&#8211; FKM<br \/>&#8211; EPDM<\/p><h5>PRIMJENA I PREDVI\u0110ENI RADNI UVIJETI<\/h5><p>Hidraulika, pneumatika<br \/>Radni tlak: do 160 bara<br \/>Radne brzine: 0,5 m\/s<br \/>Radne temperature: -30\u00b0C do +110\u00b0C<!--:--><!--:en--><\/p><h5><br \/><!--:--><\/h5>\t\t\t\t\t\t\t\t<\/div>\n\t\t\t\t<\/div>\n\t\t\t\t\t<\/div>\n\t\t<\/div>\n\t\t\t\t\t<\/div>\n\t\t<\/section>\n\t\t\t\t<\/div>\n\t\t","protected":false},"excerpt":{"rendered":"<p>OPIS PROIZVODA Man\u017eete u cjelini predstavljaju klasi\u010dno rje\u0161enje za dinami\u010dko brtvljenje u hidrauli\u010dkim i pneumatskim cilindrima, te se kao takve naj\u010de\u0161\u0107e nalaze u spomenutim sustavima. Man\u017eeta tip M1 konstruirana je sa asimetri\u010dnim brtvenim usnama za u\u010dinkovito unutranje brtvljenje (unutranji promjer proizvoda je radni, dok vanjski promjer miruje u odnosu na strojni dio u koji je ugra\u0111en). PREDNOSTI PROIZVODA Obzirom na svoje geometrijske karakteristike man\u017eeta tipa M1 osigurava u\u010dinkovito brtvljenje u hidrauli\u010dkim i pneumatskim cilindrima, te zahtijeva manju ugradbenu visinu u sklopu za koji je namjenjena. Uz jednostavnost monta\u017ee i nisku cijenu ovaj proizvod pokazuje iznimnu trajnost u umjerenim radnim uvijetima. MATERIJALI IZRADE &#8211; NBR&#8211; FKM&#8211; EPDM PRIMJENA I PREDVI\u0110ENI RADNI UVIJETI Hidraulika, pneumatikaRadni tlak: do 160 baraRadne brzine: 0,5 m\/sRadne temperature: -30\u00b0C do +110\u00b0C<\/p>\n","protected":false},"author":1,"featured_media":0,"parent":345,"menu_order":0,"comment_status":"closed","ping_status":"closed","template":"","meta":{"footnotes":""},"class_list":["post-279","page","type-page","status-publish","hentry"],"_links":{"self":[{"href":"https:\/\/elasto.hr\/wordpress\/wp-json\/wp\/v2\/pages\/279","targetHints":{"allow":["GET"]}}],"collection":[{"href":"https:\/\/elasto.hr\/wordpress\/wp-json\/wp\/v2\/pages"}],"about":[{"href":"https:\/\/elasto.hr\/wordpress\/wp-json\/wp\/v2\/types\/page"}],"author":[{"embeddable":true,"href":"https:\/\/elasto.hr\/wordpress\/wp-json\/wp\/v2\/users\/1"}],"replies":[{"embeddable":true,"href":"https:\/\/elasto.hr\/wordpress\/wp-json\/wp\/v2\/comments?post=279"}],"version-history":[{"count":15,"href":"https:\/\/elasto.hr\/wordpress\/wp-json\/wp\/v2\/pages\/279\/revisions"}],"predecessor-version":[{"id":1341,"href":"https:\/\/elasto.hr\/wordpress\/wp-json\/wp\/v2\/pages\/279\/revisions\/1341"}],"up":[{"embeddable":true,"href":"https:\/\/elasto.hr\/wordpress\/wp-json\/wp\/v2\/pages\/345"}],"wp:attachment":[{"href":"https:\/\/elasto.hr\/wordpress\/wp-json\/wp\/v2\/media?parent=279"}],"curies":[{"name":"wp","href":"https:\/\/api.w.org\/{rel}","templated":true}]}}