{"id":281,"date":"2014-01-04T10:11:43","date_gmt":"2014-01-04T09:11:43","guid":{"rendered":"http:\/\/www.elasto.hr\/?page_id=281"},"modified":"2026-01-20T10:06:51","modified_gmt":"2026-01-20T09:06:51","slug":"manzeta-tip-m2","status":"publish","type":"page","link":"https:\/\/elasto.hr\/wordpress\/proizvodi\/manzete\/manzeta-tip-m2\/","title":{"rendered":"<!--:HR-->Man\u017eeta tip M2<!--:-->"},"content":{"rendered":"\t\t<div data-elementor-type=\"wp-page\" data-elementor-id=\"281\" class=\"elementor elementor-281\">\n\t\t\t\t\t\t<section class=\"elementor-section elementor-top-section elementor-element elementor-element-53ba5c79 elementor-section-boxed elementor-section-height-default elementor-section-height-default\" data-id=\"53ba5c79\" data-element_type=\"section\">\n\t\t\t\t\t\t<div class=\"elementor-container elementor-column-gap-default\">\n\t\t\t\t\t<div class=\"elementor-column elementor-col-100 elementor-top-column elementor-element elementor-element-487998b9\" data-id=\"487998b9\" data-element_type=\"column\">\n\t\t\t<div class=\"elementor-widget-wrap elementor-element-populated\">\n\t\t\t\t\t\t<div class=\"elementor-element elementor-element-55bbe719 elementor-widget elementor-widget-text-editor\" data-id=\"55bbe719\" data-element_type=\"widget\" data-widget_type=\"text-editor.default\">\n\t\t\t\t<div class=\"elementor-widget-container\">\n\t\t\t\t\t\t\t\t\t<h5><a href=\"http:\/\/elasto.hr\/wordpress\/wp-content\/uploads\/2014\/05\/M2.jpg\"><img decoding=\"async\" class=\"alignleft wp-image-679\" src=\"http:\/\/elasto.hr\/wordpress\/wp-content\/uploads\/2014\/05\/M2.jpg\" alt=\"M2\" width=\"200\" height=\"200\" srcset=\"https:\/\/elasto.hr\/wordpress\/wp-content\/uploads\/2014\/05\/M2.jpg 250w, https:\/\/elasto.hr\/wordpress\/wp-content\/uploads\/2014\/05\/M2-150x150.jpg 150w\" sizes=\"(max-width: 200px) 100vw, 200px\" \/><\/a>OPIS PROIZVODA<\/h5><p>Man\u017eete tipa M2 su posebno konstruirani proizvodi isklju\u010divo za unutranje brtvljenje u hidrauli\u010dkim cilindrima (unutranji promjer proizvoda je radni, dok vanjski promjer miruje u odnosu na element u koji je ugra\u0111en). Jednim dijelom je man\u017eeta tipa M2 gumena man\u017eeta punog profila, dok je drugi dio popre\u010dnog presjeka oja\u010dan pamu\u010dnom tkaninom.<\/p><h5>PREDNOSTI PROIZVODA<\/h5><p>Man\u017eete tipa M2 su namjenjene ugradnji u hidrauli\u010dke cilindre koji su izlo\u017eeni umjerenim do te\u017eim uvijetima rada, vi\u0161im radnim tlakovima, te kratkotrajnim naglim promjenama tlaka u sustavu. Izdr\u017eljivost i trajnost man\u017eeta tipa M2 nadilazi veliku ve\u010dinu drugih brtvenih rje\u0161enja \u010dak i u uvijetima nesavr\u0161enih i umjereno o\u0161te\u0107enih strojnih dijelova.<\/p><h5>MATERIJALI IZRADE<\/h5><p>&#8211; NBR+pamu\u010dna tkanina<br \/>&#8211; FKM+pamu\u010dna tkanina<\/p><h5>PRIMJENA I PREDVI\u0110ENI RADNI UVIJETI<\/h5><p>Hidraulika<br \/>Radni tlak: do 220 bara<br \/>Radne brzine: 0,5 m\/s<br \/>Radne temperature: -30\u00b0C do +110\u00b0C<!--:--><!--:en--><\/p><h5><br \/><!--:--><\/h5>\t\t\t\t\t\t\t\t<\/div>\n\t\t\t\t<\/div>\n\t\t\t\t\t<\/div>\n\t\t<\/div>\n\t\t\t\t\t<\/div>\n\t\t<\/section>\n\t\t\t\t<\/div>\n\t\t","protected":false},"excerpt":{"rendered":"<p>OPIS PROIZVODA Man\u017eete tipa M2 su posebno konstruirani proizvodi isklju\u010divo za unutranje brtvljenje u hidrauli\u010dkim cilindrima (unutranji promjer proizvoda je radni, dok vanjski promjer miruje u odnosu na element u koji je ugra\u0111en). Jednim dijelom je man\u017eeta tipa M2 gumena man\u017eeta punog profila, dok je drugi dio popre\u010dnog presjeka oja\u010dan pamu\u010dnom tkaninom. PREDNOSTI PROIZVODA Man\u017eete tipa M2 su namjenjene ugradnji u hidrauli\u010dke cilindre koji su izlo\u017eeni umjerenim do te\u017eim uvijetima rada, vi\u0161im radnim tlakovima, te kratkotrajnim naglim promjenama tlaka u sustavu. Izdr\u017eljivost i trajnost man\u017eeta tipa M2 nadilazi veliku ve\u010dinu drugih brtvenih rje\u0161enja \u010dak i u uvijetima nesavr\u0161enih i umjereno o\u0161te\u0107enih strojnih dijelova. MATERIJALI IZRADE &#8211; NBR+pamu\u010dna tkanina&#8211; FKM+pamu\u010dna tkanina PRIMJENA I PREDVI\u0110ENI RADNI UVIJETI HidraulikaRadni tlak: do 220 baraRadne brzine: 0,5 m\/sRadne temperature: -30\u00b0C do +110\u00b0C<\/p>\n","protected":false},"author":1,"featured_media":0,"parent":345,"menu_order":0,"comment_status":"closed","ping_status":"closed","template":"","meta":{"footnotes":""},"class_list":["post-281","page","type-page","status-publish","hentry"],"_links":{"self":[{"href":"https:\/\/elasto.hr\/wordpress\/wp-json\/wp\/v2\/pages\/281","targetHints":{"allow":["GET"]}}],"collection":[{"href":"https:\/\/elasto.hr\/wordpress\/wp-json\/wp\/v2\/pages"}],"about":[{"href":"https:\/\/elasto.hr\/wordpress\/wp-json\/wp\/v2\/types\/page"}],"author":[{"embeddable":true,"href":"https:\/\/elasto.hr\/wordpress\/wp-json\/wp\/v2\/users\/1"}],"replies":[{"embeddable":true,"href":"https:\/\/elasto.hr\/wordpress\/wp-json\/wp\/v2\/comments?post=281"}],"version-history":[{"count":16,"href":"https:\/\/elasto.hr\/wordpress\/wp-json\/wp\/v2\/pages\/281\/revisions"}],"predecessor-version":[{"id":1344,"href":"https:\/\/elasto.hr\/wordpress\/wp-json\/wp\/v2\/pages\/281\/revisions\/1344"}],"up":[{"embeddable":true,"href":"https:\/\/elasto.hr\/wordpress\/wp-json\/wp\/v2\/pages\/345"}],"wp:attachment":[{"href":"https:\/\/elasto.hr\/wordpress\/wp-json\/wp\/v2\/media?parent=281"}],"curies":[{"name":"wp","href":"https:\/\/api.w.org\/{rel}","templated":true}]}}