{"id":289,"date":"2014-01-04T10:15:44","date_gmt":"2014-01-04T09:15:44","guid":{"rendered":"http:\/\/www.elasto.hr\/?page_id=289"},"modified":"2026-01-20T10:13:43","modified_gmt":"2026-01-20T09:13:43","slug":"manzeta-tip-m4","status":"publish","type":"page","link":"https:\/\/elasto.hr\/wordpress\/proizvodi\/manzete\/manzeta-tip-m4\/","title":{"rendered":"<!--:HR-->Man\u017eeta tip M4<!--:-->"},"content":{"rendered":"\t\t<div data-elementor-type=\"wp-page\" data-elementor-id=\"289\" class=\"elementor elementor-289\">\n\t\t\t\t\t\t<section class=\"elementor-section elementor-top-section elementor-element elementor-element-5bee6f85 elementor-section-boxed elementor-section-height-default elementor-section-height-default\" data-id=\"5bee6f85\" data-element_type=\"section\">\n\t\t\t\t\t\t<div class=\"elementor-container elementor-column-gap-default\">\n\t\t\t\t\t<div class=\"elementor-column elementor-col-100 elementor-top-column elementor-element elementor-element-9606d1e\" data-id=\"9606d1e\" data-element_type=\"column\">\n\t\t\t<div class=\"elementor-widget-wrap elementor-element-populated\">\n\t\t\t\t\t\t<div class=\"elementor-element elementor-element-6a0f7eef elementor-widget elementor-widget-text-editor\" data-id=\"6a0f7eef\" data-element_type=\"widget\" data-widget_type=\"text-editor.default\">\n\t\t\t\t<div class=\"elementor-widget-container\">\n\t\t\t\t\t\t\t\t\t<h5><a href=\"http:\/\/elasto.hr\/wordpress\/wp-content\/uploads\/2014\/05\/M4.jpg\"><img decoding=\"async\" class=\"alignleft wp-image-681\" src=\"http:\/\/elasto.hr\/wordpress\/wp-content\/uploads\/2014\/05\/M4.jpg\" alt=\"M4\" width=\"200\" height=\"200\" srcset=\"https:\/\/elasto.hr\/wordpress\/wp-content\/uploads\/2014\/05\/M4.jpg 250w, https:\/\/elasto.hr\/wordpress\/wp-content\/uploads\/2014\/05\/M4-150x150.jpg 150w\" sizes=\"(max-width: 200px) 100vw, 200px\" \/><\/a>OPIS PROIZVODA<\/h5><p>Man\u017eete tipa M4 svojom su asimetri\u010dnom konstrukcijom namjenjene vanjskom brtvljenju (vanjski promjer proizvoda je radni, dok unutarnji promjer miruje u odnosu na strojni dio u koji je ugra\u0111en). Ovaj tip proizvoda namijenjen je ugradnji na klipove hidrauli\u010dkih i pneumatskih cilindara, te kao primarni brtveni element u primjeni ima vitalni zna\u010daj.<\/p><h5>PREDNOSTI PROIZVODA<\/h5><p>Svojom karakteristi\u010dnom asimetri\u010dnom konstrukcijom ovaj proizvod omogu\u0107ava konstruiranje klipova manje ukupne visine, te svojom trajno\u0161\u0107u, niskom cijenom i prilagodljivo\u0161\u0107u umjerenim opte\u0107enjima strojnih dijelova predstavlja vrlo dobar izbor za potrebe vanjskog brtvljenja u hidrauli\u010dkim i pneumatskim cilindrima.<\/p><h5>MATERIJALI IZRADE<\/h5><p>&#8211; NBR<br \/>&#8211; FKM<br \/>&#8211; EPDM<\/p><h5>PRIMJENA I PREDVI\u0110ENI RADNI UVIJETI<\/h5><p>Hidraulika, pneumatika<br \/>Radni tlak: do 160 bara<br \/>Radne brzine: 0,5 m\/s<br \/>Radne temperature: -30\u00b0C do +110\u00b0C<!--:--><!--:en--><\/p><h5><br \/><!--:--><\/h5>\t\t\t\t\t\t\t\t<\/div>\n\t\t\t\t<\/div>\n\t\t\t\t\t<\/div>\n\t\t<\/div>\n\t\t\t\t\t<\/div>\n\t\t<\/section>\n\t\t\t\t<\/div>\n\t\t","protected":false},"excerpt":{"rendered":"<p>OPIS PROIZVODA Man\u017eete tipa M4 svojom su asimetri\u010dnom konstrukcijom namjenjene vanjskom brtvljenju (vanjski promjer proizvoda je radni, dok unutarnji promjer miruje u odnosu na strojni dio u koji je ugra\u0111en). Ovaj tip proizvoda namijenjen je ugradnji na klipove hidrauli\u010dkih i pneumatskih cilindara, te kao primarni brtveni element u primjeni ima vitalni zna\u010daj. PREDNOSTI PROIZVODA Svojom karakteristi\u010dnom asimetri\u010dnom konstrukcijom ovaj proizvod omogu\u0107ava konstruiranje klipova manje ukupne visine, te svojom trajno\u0161\u0107u, niskom cijenom i prilagodljivo\u0161\u0107u umjerenim opte\u0107enjima strojnih dijelova predstavlja vrlo dobar izbor za potrebe vanjskog brtvljenja u hidrauli\u010dkim i pneumatskim cilindrima. MATERIJALI IZRADE &#8211; NBR&#8211; FKM&#8211; EPDM PRIMJENA I PREDVI\u0110ENI RADNI UVIJETI Hidraulika, pneumatikaRadni tlak: do 160 baraRadne brzine: 0,5 m\/sRadne temperature: -30\u00b0C do +110\u00b0C<\/p>\n","protected":false},"author":1,"featured_media":0,"parent":345,"menu_order":0,"comment_status":"closed","ping_status":"closed","template":"","meta":{"footnotes":""},"class_list":["post-289","page","type-page","status-publish","hentry"],"_links":{"self":[{"href":"https:\/\/elasto.hr\/wordpress\/wp-json\/wp\/v2\/pages\/289","targetHints":{"allow":["GET"]}}],"collection":[{"href":"https:\/\/elasto.hr\/wordpress\/wp-json\/wp\/v2\/pages"}],"about":[{"href":"https:\/\/elasto.hr\/wordpress\/wp-json\/wp\/v2\/types\/page"}],"author":[{"embeddable":true,"href":"https:\/\/elasto.hr\/wordpress\/wp-json\/wp\/v2\/users\/1"}],"replies":[{"embeddable":true,"href":"https:\/\/elasto.hr\/wordpress\/wp-json\/wp\/v2\/comments?post=289"}],"version-history":[{"count":14,"href":"https:\/\/elasto.hr\/wordpress\/wp-json\/wp\/v2\/pages\/289\/revisions"}],"predecessor-version":[{"id":1350,"href":"https:\/\/elasto.hr\/wordpress\/wp-json\/wp\/v2\/pages\/289\/revisions\/1350"}],"up":[{"embeddable":true,"href":"https:\/\/elasto.hr\/wordpress\/wp-json\/wp\/v2\/pages\/345"}],"wp:attachment":[{"href":"https:\/\/elasto.hr\/wordpress\/wp-json\/wp\/v2\/media?parent=289"}],"curies":[{"name":"wp","href":"https:\/\/api.w.org\/{rel}","templated":true}]}}