{"id":291,"date":"2014-01-04T10:17:07","date_gmt":"2014-01-04T09:17:07","guid":{"rendered":"http:\/\/www.elasto.hr\/?page_id=291"},"modified":"2026-01-20T10:14:28","modified_gmt":"2026-01-20T09:14:28","slug":"manzeta-tip-m5","status":"publish","type":"page","link":"https:\/\/elasto.hr\/wordpress\/proizvodi\/manzete\/manzeta-tip-m5\/","title":{"rendered":"<!--:HR-->Man\u017eeta tip M5<!--:-->"},"content":{"rendered":"\t\t<div data-elementor-type=\"wp-page\" data-elementor-id=\"291\" class=\"elementor elementor-291\">\n\t\t\t\t\t\t<section class=\"elementor-section elementor-top-section elementor-element elementor-element-63f2b2e7 elementor-section-boxed elementor-section-height-default elementor-section-height-default\" data-id=\"63f2b2e7\" data-element_type=\"section\">\n\t\t\t\t\t\t<div class=\"elementor-container elementor-column-gap-default\">\n\t\t\t\t\t<div class=\"elementor-column elementor-col-100 elementor-top-column elementor-element elementor-element-111705b4\" data-id=\"111705b4\" data-element_type=\"column\">\n\t\t\t<div class=\"elementor-widget-wrap elementor-element-populated\">\n\t\t\t\t\t\t<div class=\"elementor-element elementor-element-1fb31af0 elementor-widget elementor-widget-text-editor\" data-id=\"1fb31af0\" data-element_type=\"widget\" data-widget_type=\"text-editor.default\">\n\t\t\t\t<div class=\"elementor-widget-container\">\n\t\t\t\t\t\t\t\t\t<h5><a href=\"http:\/\/elasto.hr\/wordpress\/wp-content\/uploads\/2014\/05\/M5.jpg\"><img decoding=\"async\" class=\"alignleft wp-image-682\" src=\"http:\/\/elasto.hr\/wordpress\/wp-content\/uploads\/2014\/05\/M5.jpg\" alt=\"M5\" width=\"200\" height=\"200\" srcset=\"https:\/\/elasto.hr\/wordpress\/wp-content\/uploads\/2014\/05\/M5.jpg 250w, https:\/\/elasto.hr\/wordpress\/wp-content\/uploads\/2014\/05\/M5-150x150.jpg 150w\" sizes=\"(max-width: 200px) 100vw, 200px\" \/><\/a>OPIS PROIZVODA<\/h5><p>Man\u017eete tipa M5 namjenjene su isklju\u010divo unutarnjem brtvljenju u hidrauli\u010dkim cilindrima (unutarnju promjer proizvoda je radni, dok vanjski miruje u odnosu na strojni dio u koji je ugra\u0111en). Man\u017eeta tipa M5 dvodjelni je proizvod koji se sastoji od gumenog brtvenog elementa i za\u0161titnog poliacetalskog prstena smje\u0161tenog uz unutarnji promjer u peti proizvoda.<\/p><h5>PREDNOSTI PROIZVODA<\/h5><p>Man\u017eete tipa M5 su namjenjene ugradnji u hidrauli\u010dke cilindre koji su izlo\u017eeni umjerenim do te\u0161kim uvijetima rada, vi\u0161im radnim tlakovima, te kratkotrajnim naglim porastima tlaka u sustavu. Zahvaljuju\u0107i za\u0161titnom elementu man\u017eete tipa M5 pokazuju iznimnu otpornost i trajnost \u010dak i u nesavr\u0161enim radnim uvijetima.<\/p><h5>MATERIJALI IZRADE<\/h5><p>&#8211; NBR+POM<br \/>&#8211; FKM+PTFE<\/p><h5>PRIMJENA I PREDVI\u0110ENI RADNI UVIJETI<\/h5><p>Hidraulika<br \/>Radni tlak: do 300 bara<br \/>Radne brzine: 0,5 m\/s<br \/>Radne temperature: -30\u00b0C do +110\u00b0C<!--:--><!--:en--><\/p><h5><br \/><!--:--><\/h5>\t\t\t\t\t\t\t\t<\/div>\n\t\t\t\t<\/div>\n\t\t\t\t\t<\/div>\n\t\t<\/div>\n\t\t\t\t\t<\/div>\n\t\t<\/section>\n\t\t\t\t<\/div>\n\t\t","protected":false},"excerpt":{"rendered":"<p>OPIS PROIZVODA Man\u017eete tipa M5 namjenjene su isklju\u010divo unutarnjem brtvljenju u hidrauli\u010dkim cilindrima (unutarnju promjer proizvoda je radni, dok vanjski miruje u odnosu na strojni dio u koji je ugra\u0111en). Man\u017eeta tipa M5 dvodjelni je proizvod koji se sastoji od gumenog brtvenog elementa i za\u0161titnog poliacetalskog prstena smje\u0161tenog uz unutarnji promjer u peti proizvoda. PREDNOSTI PROIZVODA Man\u017eete tipa M5 su namjenjene ugradnji u hidrauli\u010dke cilindre koji su izlo\u017eeni umjerenim do te\u0161kim uvijetima rada, vi\u0161im radnim tlakovima, te kratkotrajnim naglim porastima tlaka u sustavu. Zahvaljuju\u0107i za\u0161titnom elementu man\u017eete tipa M5 pokazuju iznimnu otpornost i trajnost \u010dak i u nesavr\u0161enim radnim uvijetima. MATERIJALI IZRADE &#8211; NBR+POM&#8211; FKM+PTFE PRIMJENA I PREDVI\u0110ENI RADNI UVIJETI HidraulikaRadni tlak: do 300 baraRadne brzine: 0,5 m\/sRadne temperature: -30\u00b0C do +110\u00b0C<\/p>\n","protected":false},"author":1,"featured_media":0,"parent":345,"menu_order":0,"comment_status":"closed","ping_status":"closed","template":"","meta":{"footnotes":""},"class_list":["post-291","page","type-page","status-publish","hentry"],"_links":{"self":[{"href":"https:\/\/elasto.hr\/wordpress\/wp-json\/wp\/v2\/pages\/291","targetHints":{"allow":["GET"]}}],"collection":[{"href":"https:\/\/elasto.hr\/wordpress\/wp-json\/wp\/v2\/pages"}],"about":[{"href":"https:\/\/elasto.hr\/wordpress\/wp-json\/wp\/v2\/types\/page"}],"author":[{"embeddable":true,"href":"https:\/\/elasto.hr\/wordpress\/wp-json\/wp\/v2\/users\/1"}],"replies":[{"embeddable":true,"href":"https:\/\/elasto.hr\/wordpress\/wp-json\/wp\/v2\/comments?post=291"}],"version-history":[{"count":17,"href":"https:\/\/elasto.hr\/wordpress\/wp-json\/wp\/v2\/pages\/291\/revisions"}],"predecessor-version":[{"id":1353,"href":"https:\/\/elasto.hr\/wordpress\/wp-json\/wp\/v2\/pages\/291\/revisions\/1353"}],"up":[{"embeddable":true,"href":"https:\/\/elasto.hr\/wordpress\/wp-json\/wp\/v2\/pages\/345"}],"wp:attachment":[{"href":"https:\/\/elasto.hr\/wordpress\/wp-json\/wp\/v2\/media?parent=291"}],"curies":[{"name":"wp","href":"https:\/\/api.w.org\/{rel}","templated":true}]}}