{"id":300,"date":"2014-01-04T10:21:17","date_gmt":"2014-01-04T09:21:17","guid":{"rendered":"http:\/\/www.elasto.hr\/?page_id=300"},"modified":"2026-01-20T10:16:00","modified_gmt":"2026-01-20T09:16:00","slug":"kompaktno-brtvilo-tip-kbt-a","status":"publish","type":"page","link":"https:\/\/elasto.hr\/wordpress\/proizvodi\/kompaktna-brtvila\/kompaktno-brtvilo-tip-kbt-a\/","title":{"rendered":"<!--:HR-->Kompaktno brtvilo tip KBT-A<!--:-->"},"content":{"rendered":"\t\t<div data-elementor-type=\"wp-page\" data-elementor-id=\"300\" class=\"elementor elementor-300\">\n\t\t\t\t\t\t<section class=\"elementor-section elementor-top-section elementor-element elementor-element-5bb8f7ce elementor-section-boxed elementor-section-height-default elementor-section-height-default\" data-id=\"5bb8f7ce\" data-element_type=\"section\">\n\t\t\t\t\t\t<div class=\"elementor-container elementor-column-gap-default\">\n\t\t\t\t\t<div class=\"elementor-column elementor-col-100 elementor-top-column elementor-element elementor-element-6de8f36c\" data-id=\"6de8f36c\" data-element_type=\"column\">\n\t\t\t<div class=\"elementor-widget-wrap elementor-element-populated\">\n\t\t\t\t\t\t<div class=\"elementor-element elementor-element-6464758e elementor-widget elementor-widget-text-editor\" data-id=\"6464758e\" data-element_type=\"widget\" data-widget_type=\"text-editor.default\">\n\t\t\t\t<div class=\"elementor-widget-container\">\n\t\t\t\t\t\t\t\t\t<h5><a href=\"http:\/\/elasto.hr\/wordpress\/wp-content\/uploads\/2014\/05\/KBT-A.jpg\"><img decoding=\"async\" class=\"alignleft wp-image-676\" src=\"http:\/\/elasto.hr\/wordpress\/wp-content\/uploads\/2014\/05\/KBT-A.jpg\" alt=\"KBT-A\" width=\"200\" height=\"200\" srcset=\"https:\/\/elasto.hr\/wordpress\/wp-content\/uploads\/2014\/05\/KBT-A.jpg 250w, https:\/\/elasto.hr\/wordpress\/wp-content\/uploads\/2014\/05\/KBT-A-150x150.jpg 150w\" sizes=\"(max-width: 200px) 100vw, 200px\" \/><\/a>OPIS PROIZVODA<\/h5><p>Brtveni elementi tipa KBT-A su predvi\u0111eni isklju\u010divo za vanjsko brtvljenje u dvoradnim hidrauli\u010dkim cilindrima. Konstrukcijski se sastoji od pet dijelova, od kojih je sredinji dio brtveni element uz koji se sa svake strane nalazi po jedan za\u0161titni element, a sa obje vanjske strane sklopa nalazi se po jedan vode\u0107i element.<\/p><h5>PREDNOSTI PROIZVODA<\/h5><p>Kompaktna konstrukcija brtve tipa KBT omogu\u0107ava konstruiranje tako\u0111er vrlo kompaktnih klipova, male ukupne visine. Vrlo je jednostavan za monta\u017eu, pokazuje vrlo visoku trajnost, te omogu\u0107ava primjenu i u zahtjevnim radnim uvijetima.<\/p><h5>MATERIJALI IZRADE<\/h5><p>&#8211; NBR+POM<\/p><h5>PRIMJENA I PREDVI\u0110ENI RADNI UVIJETI<\/h5><p>Hidraulika<br \/>Radni tlak: do 320 bara<br \/>Radne brzine: 0,5 m\/s<br \/>Radne temperature: -30\u00b0C do +110\u00b0C<!--:--><!--:en--><\/p><h5><br \/><!--:--><\/h5>\t\t\t\t\t\t\t\t<\/div>\n\t\t\t\t<\/div>\n\t\t\t\t\t<\/div>\n\t\t<\/div>\n\t\t\t\t\t<\/div>\n\t\t<\/section>\n\t\t\t\t<\/div>\n\t\t","protected":false},"excerpt":{"rendered":"<p>OPIS PROIZVODA Brtveni elementi tipa KBT-A su predvi\u0111eni isklju\u010divo za vanjsko brtvljenje u dvoradnim hidrauli\u010dkim cilindrima. Konstrukcijski se sastoji od pet dijelova, od kojih je sredinji dio brtveni element uz koji se sa svake strane nalazi po jedan za\u0161titni element, a sa obje vanjske strane sklopa nalazi se po jedan vode\u0107i element. PREDNOSTI PROIZVODA Kompaktna konstrukcija brtve tipa KBT omogu\u0107ava konstruiranje tako\u0111er vrlo kompaktnih klipova, male ukupne visine. Vrlo je jednostavan za monta\u017eu, pokazuje vrlo visoku trajnost, te omogu\u0107ava primjenu i u zahtjevnim radnim uvijetima. MATERIJALI IZRADE &#8211; NBR+POM PRIMJENA I PREDVI\u0110ENI RADNI UVIJETI HidraulikaRadni tlak: do 320 baraRadne brzine: 0,5 m\/sRadne temperature: -30\u00b0C do +110\u00b0C<\/p>\n","protected":false},"author":1,"featured_media":0,"parent":349,"menu_order":0,"comment_status":"closed","ping_status":"closed","template":"","meta":{"footnotes":""},"class_list":["post-300","page","type-page","status-publish","hentry"],"_links":{"self":[{"href":"https:\/\/elasto.hr\/wordpress\/wp-json\/wp\/v2\/pages\/300","targetHints":{"allow":["GET"]}}],"collection":[{"href":"https:\/\/elasto.hr\/wordpress\/wp-json\/wp\/v2\/pages"}],"about":[{"href":"https:\/\/elasto.hr\/wordpress\/wp-json\/wp\/v2\/types\/page"}],"author":[{"embeddable":true,"href":"https:\/\/elasto.hr\/wordpress\/wp-json\/wp\/v2\/users\/1"}],"replies":[{"embeddable":true,"href":"https:\/\/elasto.hr\/wordpress\/wp-json\/wp\/v2\/comments?post=300"}],"version-history":[{"count":17,"href":"https:\/\/elasto.hr\/wordpress\/wp-json\/wp\/v2\/pages\/300\/revisions"}],"predecessor-version":[{"id":1359,"href":"https:\/\/elasto.hr\/wordpress\/wp-json\/wp\/v2\/pages\/300\/revisions\/1359"}],"up":[{"embeddable":true,"href":"https:\/\/elasto.hr\/wordpress\/wp-json\/wp\/v2\/pages\/349"}],"wp:attachment":[{"href":"https:\/\/elasto.hr\/wordpress\/wp-json\/wp\/v2\/media?parent=300"}],"curies":[{"name":"wp","href":"https:\/\/api.w.org\/{rel}","templated":true}]}}