{"id":302,"date":"2014-01-04T10:22:23","date_gmt":"2014-01-04T09:22:23","guid":{"rendered":"http:\/\/www.elasto.hr\/?page_id=302"},"modified":"2026-01-20T10:17:07","modified_gmt":"2026-01-20T09:17:07","slug":"kompaktno-brtvilo-tip-kbt-b","status":"publish","type":"page","link":"https:\/\/elasto.hr\/wordpress\/proizvodi\/kompaktna-brtvila\/kompaktno-brtvilo-tip-kbt-b\/","title":{"rendered":"<!--:HR-->Kompaktno brtvilo tip KBT-B<!--:-->"},"content":{"rendered":"\t\t<div data-elementor-type=\"wp-page\" data-elementor-id=\"302\" class=\"elementor elementor-302\">\n\t\t\t\t\t\t<section class=\"elementor-section elementor-top-section elementor-element elementor-element-1cc85fe2 elementor-section-boxed elementor-section-height-default elementor-section-height-default\" data-id=\"1cc85fe2\" data-element_type=\"section\">\n\t\t\t\t\t\t<div class=\"elementor-container elementor-column-gap-default\">\n\t\t\t\t\t<div class=\"elementor-column elementor-col-100 elementor-top-column elementor-element elementor-element-4894dc53\" data-id=\"4894dc53\" data-element_type=\"column\">\n\t\t\t<div class=\"elementor-widget-wrap elementor-element-populated\">\n\t\t\t\t\t\t<div class=\"elementor-element elementor-element-7f91de47 elementor-widget elementor-widget-text-editor\" data-id=\"7f91de47\" data-element_type=\"widget\" data-widget_type=\"text-editor.default\">\n\t\t\t\t<div class=\"elementor-widget-container\">\n\t\t\t\t\t\t\t\t\t<h5><a href=\"http:\/\/elasto.hr\/wordpress\/wp-content\/uploads\/2014\/05\/KBT-B.jpg\"><img decoding=\"async\" class=\"alignleft wp-image-677\" src=\"http:\/\/elasto.hr\/wordpress\/wp-content\/uploads\/2014\/05\/KBT-B.jpg\" alt=\"KBT-B\" width=\"200\" height=\"200\" srcset=\"https:\/\/elasto.hr\/wordpress\/wp-content\/uploads\/2014\/05\/KBT-B.jpg 250w, https:\/\/elasto.hr\/wordpress\/wp-content\/uploads\/2014\/05\/KBT-B-150x150.jpg 150w\" sizes=\"(max-width: 200px) 100vw, 200px\" \/><\/a>OPIS PROIZVODA<\/h5><p>Brtveni elementi tipa KBT-B predvi\u0111eni su isklju\u010divo za vanjsko brtvljenje u dvoradnim hidrauli\u010dkim cilindrima. Konstrukcijski se sastoje od \u010detiri dijela, od kojih je sredinji brtveni element dvodjelni (manji unutranji gumeni prsten i vanjski gumeni prsten oja\u010dan pamu\u010dnom tkaninom), a sa svake strane srednjeg brtvenog elementa nalaze se poliacetalski prstenovi koji preuzimaju ulogu vo\u0111enja i za\u0161tite brtvenih prstenova od naglih promjena tlaka.<\/p><h5>PREDNOSTI PROIZVODA<\/h5><p>Kompaktna konstrukcija brtve tipa KBT-B omogu\u0107ava konstruiranje klipova vrlo kompaktnih dimenzija, pokazuje vrlo visoku trajnost te omogu\u0107ava primjenu u jo\u0161 zahtjevnijim uvjetima nego to je to slu\u010daj kod brtve tipa KBT-A.<\/p><h5>MATERIJALI IZRADE<\/h5><p>&#8211; NBR+pamu\u010dna tkanina+POM<\/p><h5>PRIMJENA I PREDVI\u0110ENI RADNI UVIJETI<\/h5><p>Hidraulika<br \/>Radni tlak: do 400 bara<br \/>Radne brzine: 0,5 m\/s<br \/>Radne temperature: -30\u00b0C do +110\u00b0C<\/p><p>\u00a0<\/p>\t\t\t\t\t\t\t\t<\/div>\n\t\t\t\t<\/div>\n\t\t\t\t\t<\/div>\n\t\t<\/div>\n\t\t\t\t\t<\/div>\n\t\t<\/section>\n\t\t\t\t<\/div>\n\t\t","protected":false},"excerpt":{"rendered":"<p>OPIS PROIZVODA Brtveni elementi tipa KBT-B predvi\u0111eni su isklju\u010divo za vanjsko brtvljenje u dvoradnim hidrauli\u010dkim cilindrima. Konstrukcijski se sastoje od \u010detiri dijela, od kojih je sredinji brtveni element dvodjelni (manji unutranji gumeni prsten i vanjski gumeni prsten oja\u010dan pamu\u010dnom tkaninom), a sa svake strane srednjeg brtvenog elementa nalaze se poliacetalski prstenovi koji preuzimaju ulogu vo\u0111enja i za\u0161tite brtvenih prstenova od naglih promjena tlaka. PREDNOSTI PROIZVODA Kompaktna konstrukcija brtve tipa KBT-B omogu\u0107ava konstruiranje klipova vrlo kompaktnih dimenzija, pokazuje vrlo visoku trajnost te omogu\u0107ava primjenu u jo\u0161 zahtjevnijim uvjetima nego to je to slu\u010daj kod brtve tipa KBT-A. MATERIJALI IZRADE &#8211; NBR+pamu\u010dna tkanina+POM PRIMJENA I PREDVI\u0110ENI RADNI UVIJETI HidraulikaRadni tlak: do 400 baraRadne brzine: 0,5 m\/sRadne temperature: -30\u00b0C do +110\u00b0C \u00a0<\/p>\n","protected":false},"author":1,"featured_media":0,"parent":349,"menu_order":0,"comment_status":"closed","ping_status":"closed","template":"","meta":{"footnotes":""},"class_list":["post-302","page","type-page","status-publish","hentry"],"_links":{"self":[{"href":"https:\/\/elasto.hr\/wordpress\/wp-json\/wp\/v2\/pages\/302","targetHints":{"allow":["GET"]}}],"collection":[{"href":"https:\/\/elasto.hr\/wordpress\/wp-json\/wp\/v2\/pages"}],"about":[{"href":"https:\/\/elasto.hr\/wordpress\/wp-json\/wp\/v2\/types\/page"}],"author":[{"embeddable":true,"href":"https:\/\/elasto.hr\/wordpress\/wp-json\/wp\/v2\/users\/1"}],"replies":[{"embeddable":true,"href":"https:\/\/elasto.hr\/wordpress\/wp-json\/wp\/v2\/comments?post=302"}],"version-history":[{"count":17,"href":"https:\/\/elasto.hr\/wordpress\/wp-json\/wp\/v2\/pages\/302\/revisions"}],"predecessor-version":[{"id":1362,"href":"https:\/\/elasto.hr\/wordpress\/wp-json\/wp\/v2\/pages\/302\/revisions\/1362"}],"up":[{"embeddable":true,"href":"https:\/\/elasto.hr\/wordpress\/wp-json\/wp\/v2\/pages\/349"}],"wp:attachment":[{"href":"https:\/\/elasto.hr\/wordpress\/wp-json\/wp\/v2\/media?parent=302"}],"curies":[{"name":"wp","href":"https:\/\/api.w.org\/{rel}","templated":true}]}}