{"id":308,"date":"2014-01-04T10:25:20","date_gmt":"2014-01-04T09:25:20","guid":{"rendered":"http:\/\/www.elasto.hr\/?page_id=308"},"modified":"2026-01-20T10:22:09","modified_gmt":"2026-01-20T09:22:09","slug":"brtveni-sklop-e3","status":"publish","type":"page","link":"https:\/\/elasto.hr\/wordpress\/proizvodi\/brtveni-sklopovi\/brtveni-sklop-e3\/","title":{"rendered":"<!--:HR-->Brtveni sklop tip E3<!--:-->"},"content":{"rendered":"\t\t<div data-elementor-type=\"wp-page\" data-elementor-id=\"308\" class=\"elementor elementor-308\">\n\t\t\t\t\t\t<section class=\"elementor-section elementor-top-section elementor-element elementor-element-267a32ee elementor-section-boxed elementor-section-height-default elementor-section-height-default\" data-id=\"267a32ee\" data-element_type=\"section\">\n\t\t\t\t\t\t<div class=\"elementor-container elementor-column-gap-default\">\n\t\t\t\t\t<div class=\"elementor-column elementor-col-100 elementor-top-column elementor-element elementor-element-5626c3f5\" data-id=\"5626c3f5\" data-element_type=\"column\">\n\t\t\t<div class=\"elementor-widget-wrap elementor-element-populated\">\n\t\t\t\t\t\t<div class=\"elementor-element elementor-element-2dfc21b0 elementor-widget elementor-widget-text-editor\" data-id=\"2dfc21b0\" data-element_type=\"widget\" data-widget_type=\"text-editor.default\">\n\t\t\t\t<div class=\"elementor-widget-container\">\n\t\t\t\t\t\t\t\t\t<h5><a href=\"http:\/\/elasto.hr\/wordpress\/wp-content\/uploads\/2014\/05\/E3.jpg\"><img decoding=\"async\" class=\"alignleft wp-image-674\" src=\"http:\/\/elasto.hr\/wordpress\/wp-content\/uploads\/2014\/05\/E3.jpg\" alt=\"E3\" width=\"200\" height=\"200\" srcset=\"https:\/\/elasto.hr\/wordpress\/wp-content\/uploads\/2014\/05\/E3.jpg 250w, https:\/\/elasto.hr\/wordpress\/wp-content\/uploads\/2014\/05\/E3-150x150.jpg 150w\" sizes=\"(max-width: 200px) 100vw, 200px\" \/><\/a>OPIS PROIZVODA<\/h5><p>Brtveni sklopovi tipa E3 namjenjeni su isklju\u010divo vanjskom brtvljenju u hidrauli\u010dkim cilindrima. Sastoje se od tri elemenata koji su izvedeni kao pamu\u010dnom tkaninom oja\u010dani prstenovi od kojih je srednji brtveni V prsten, koji je sa jedne strane ome\u0111en potpornim prstenom izvedenom od pamu\u010dnom tkaninom oja\u010danog gumenog prstena, a sa druge strane potisnim prstenom tako\u0111er oja\u010danog pamu\u010dnom tkaninom.<\/p><h5>PREDNOSTI PROIZVODA<\/h5><p>Brtveni sklopovi tipa E3 predstavljaju idealan odabir za rje\u0161enje problema vanjskog brtvljenja u te\u0161ko optere\u0107enim sustavima, te zajedno sa brtvenim sklopovima tipa E1 i E2 predstavljaju cjelovito rje\u0161enje za najte\u017ee uvjete rada.<\/p><h5>MATERIJALI IZRADE<\/h5><p>&#8211; NBR+pamu\u010dna tkanina<br \/>&#8211; FKM+pamu\u010dna tkanina<\/p><h5>PRIMJENA I PREDVI\u0110ENI RADNI UVIJETI<\/h5><p>Hidraulika<br \/>Radni tlak: do 400 bara<br \/>Radne brzine: 0,5 m\/s<br \/>Radne temperature: -30\u00b0C do +110\u00b0C<\/p><p>\u00a0<\/p>\t\t\t\t\t\t\t\t<\/div>\n\t\t\t\t<\/div>\n\t\t\t\t\t<\/div>\n\t\t<\/div>\n\t\t\t\t\t<\/div>\n\t\t<\/section>\n\t\t\t\t<\/div>\n\t\t","protected":false},"excerpt":{"rendered":"<p>OPIS PROIZVODA Brtveni sklopovi tipa E3 namjenjeni su isklju\u010divo vanjskom brtvljenju u hidrauli\u010dkim cilindrima. Sastoje se od tri elemenata koji su izvedeni kao pamu\u010dnom tkaninom oja\u010dani prstenovi od kojih je srednji brtveni V prsten, koji je sa jedne strane ome\u0111en potpornim prstenom izvedenom od pamu\u010dnom tkaninom oja\u010danog gumenog prstena, a sa druge strane potisnim prstenom tako\u0111er oja\u010danog pamu\u010dnom tkaninom. PREDNOSTI PROIZVODA Brtveni sklopovi tipa E3 predstavljaju idealan odabir za rje\u0161enje problema vanjskog brtvljenja u te\u0161ko optere\u0107enim sustavima, te zajedno sa brtvenim sklopovima tipa E1 i E2 predstavljaju cjelovito rje\u0161enje za najte\u017ee uvjete rada. MATERIJALI IZRADE &#8211; NBR+pamu\u010dna tkanina&#8211; FKM+pamu\u010dna tkanina PRIMJENA I PREDVI\u0110ENI RADNI UVIJETI HidraulikaRadni tlak: do 400 baraRadne brzine: 0,5 m\/sRadne temperature: -30\u00b0C do +110\u00b0C \u00a0<\/p>\n","protected":false},"author":1,"featured_media":0,"parent":351,"menu_order":0,"comment_status":"closed","ping_status":"closed","template":"","meta":{"footnotes":""},"class_list":["post-308","page","type-page","status-publish","hentry"],"_links":{"self":[{"href":"https:\/\/elasto.hr\/wordpress\/wp-json\/wp\/v2\/pages\/308","targetHints":{"allow":["GET"]}}],"collection":[{"href":"https:\/\/elasto.hr\/wordpress\/wp-json\/wp\/v2\/pages"}],"about":[{"href":"https:\/\/elasto.hr\/wordpress\/wp-json\/wp\/v2\/types\/page"}],"author":[{"embeddable":true,"href":"https:\/\/elasto.hr\/wordpress\/wp-json\/wp\/v2\/users\/1"}],"replies":[{"embeddable":true,"href":"https:\/\/elasto.hr\/wordpress\/wp-json\/wp\/v2\/comments?post=308"}],"version-history":[{"count":17,"href":"https:\/\/elasto.hr\/wordpress\/wp-json\/wp\/v2\/pages\/308\/revisions"}],"predecessor-version":[{"id":1371,"href":"https:\/\/elasto.hr\/wordpress\/wp-json\/wp\/v2\/pages\/308\/revisions\/1371"}],"up":[{"embeddable":true,"href":"https:\/\/elasto.hr\/wordpress\/wp-json\/wp\/v2\/pages\/351"}],"wp:attachment":[{"href":"https:\/\/elasto.hr\/wordpress\/wp-json\/wp\/v2\/media?parent=308"}],"curies":[{"name":"wp","href":"https:\/\/api.w.org\/{rel}","templated":true}]}}