{"id":311,"date":"2014-01-04T10:26:23","date_gmt":"2014-01-04T09:26:23","guid":{"rendered":"http:\/\/www.elasto.hr\/?page_id=311"},"modified":"2026-01-20T10:22:49","modified_gmt":"2026-01-20T09:22:49","slug":"brtveni-sklop-tip-g11","status":"publish","type":"page","link":"https:\/\/elasto.hr\/wordpress\/proizvodi\/brtveni-sklopovi\/brtveni-sklop-tip-g11\/","title":{"rendered":"<!--:HR-->Brtveni sklop tip G11<!--:-->"},"content":{"rendered":"\t\t<div data-elementor-type=\"wp-page\" data-elementor-id=\"311\" class=\"elementor elementor-311\">\n\t\t\t\t\t\t<section class=\"elementor-section elementor-top-section elementor-element elementor-element-3c57cb85 elementor-section-boxed elementor-section-height-default elementor-section-height-default\" data-id=\"3c57cb85\" data-element_type=\"section\">\n\t\t\t\t\t\t<div class=\"elementor-container elementor-column-gap-default\">\n\t\t\t\t\t<div class=\"elementor-column elementor-col-100 elementor-top-column elementor-element elementor-element-5c505be4\" data-id=\"5c505be4\" data-element_type=\"column\">\n\t\t\t<div class=\"elementor-widget-wrap elementor-element-populated\">\n\t\t\t\t\t\t<div class=\"elementor-element elementor-element-2bf1a0cb elementor-widget elementor-widget-text-editor\" data-id=\"2bf1a0cb\" data-element_type=\"widget\" data-widget_type=\"text-editor.default\">\n\t\t\t\t<div class=\"elementor-widget-container\">\n\t\t\t\t\t\t\t\t\t<h5><a href=\"http:\/\/elasto.hr\/wordpress\/wp-content\/uploads\/2014\/05\/G11.jpg\"><img decoding=\"async\" class=\"alignleft wp-image-675\" src=\"http:\/\/elasto.hr\/wordpress\/wp-content\/uploads\/2014\/05\/G11.jpg\" alt=\"G11\" width=\"200\" height=\"200\" srcset=\"https:\/\/elasto.hr\/wordpress\/wp-content\/uploads\/2014\/05\/G11.jpg 250w, https:\/\/elasto.hr\/wordpress\/wp-content\/uploads\/2014\/05\/G11-150x150.jpg 150w\" sizes=\"(max-width: 200px) 100vw, 200px\" \/><\/a>OPIS PROIZVODA<\/h5><p>Brtveni sklopovi tipa G11 konstruirani su za vanjsko brtvljenje u hidrauli\u010dkim cilindrima. Sastoje se od pamu\u010dnom tkaninom oja\u010danog brtvenog prstena i gumenog potisnog prstena.<\/p><h5>PREDNOSTI PROIZVODA<\/h5><p>Brtveni sklop tipa G11 zbog svoje relativno male visine omogu\u0107ava konstruiranje klipova male ukupne visine, a predstavlja idealan izbor za primjenu u umjereno optere\u0107enim hidrauli\u010dkim cilindrima, te u kombinaciji sa man\u017eetom za unutranje brtvljenje tipa M2 predstavlja vrlo dobro rje\u0161enje za probleme brtvljena u umjereno optere\u0107enim sustavima. Tako\u0111er, zbog oja\u010danog brtvenog elementa sklopa, ovaj tip brtve vrlo dobro podnosi kratkotrajne, nagle poraste tlaka.<\/p><h5>MATERIJALI IZRADE<\/h5><p>&#8211; NBR+pamu\u010dna tkanina<br \/>&#8211; FKM+pamu\u010dna tkanina<\/p><h5>PRIMJENA I PREDVI\u0110ENI RADNI UVIJETI<\/h5><p>Hidraulika<br \/>Radni tlak: do 220 bara<br \/>Radne brzine: 0,5 m\/s<br \/>Radne temperature: -30\u00b0C do +110\u00b0C<\/p><p>\u00a0<\/p>\t\t\t\t\t\t\t\t<\/div>\n\t\t\t\t<\/div>\n\t\t\t\t\t<\/div>\n\t\t<\/div>\n\t\t\t\t\t<\/div>\n\t\t<\/section>\n\t\t\t\t<\/div>\n\t\t","protected":false},"excerpt":{"rendered":"<p>OPIS PROIZVODA Brtveni sklopovi tipa G11 konstruirani su za vanjsko brtvljenje u hidrauli\u010dkim cilindrima. Sastoje se od pamu\u010dnom tkaninom oja\u010danog brtvenog prstena i gumenog potisnog prstena. PREDNOSTI PROIZVODA Brtveni sklop tipa G11 zbog svoje relativno male visine omogu\u0107ava konstruiranje klipova male ukupne visine, a predstavlja idealan izbor za primjenu u umjereno optere\u0107enim hidrauli\u010dkim cilindrima, te u kombinaciji sa man\u017eetom za unutranje brtvljenje tipa M2 predstavlja vrlo dobro rje\u0161enje za probleme brtvljena u umjereno optere\u0107enim sustavima. Tako\u0111er, zbog oja\u010danog brtvenog elementa sklopa, ovaj tip brtve vrlo dobro podnosi kratkotrajne, nagle poraste tlaka. MATERIJALI IZRADE &#8211; NBR+pamu\u010dna tkanina&#8211; FKM+pamu\u010dna tkanina PRIMJENA I PREDVI\u0110ENI RADNI UVIJETI HidraulikaRadni tlak: do 220 baraRadne brzine: 0,5 m\/sRadne temperature: -30\u00b0C do +110\u00b0C \u00a0<\/p>\n","protected":false},"author":1,"featured_media":0,"parent":351,"menu_order":0,"comment_status":"closed","ping_status":"closed","template":"","meta":{"footnotes":""},"class_list":["post-311","page","type-page","status-publish","hentry"],"_links":{"self":[{"href":"https:\/\/elasto.hr\/wordpress\/wp-json\/wp\/v2\/pages\/311","targetHints":{"allow":["GET"]}}],"collection":[{"href":"https:\/\/elasto.hr\/wordpress\/wp-json\/wp\/v2\/pages"}],"about":[{"href":"https:\/\/elasto.hr\/wordpress\/wp-json\/wp\/v2\/types\/page"}],"author":[{"embeddable":true,"href":"https:\/\/elasto.hr\/wordpress\/wp-json\/wp\/v2\/users\/1"}],"replies":[{"embeddable":true,"href":"https:\/\/elasto.hr\/wordpress\/wp-json\/wp\/v2\/comments?post=311"}],"version-history":[{"count":16,"href":"https:\/\/elasto.hr\/wordpress\/wp-json\/wp\/v2\/pages\/311\/revisions"}],"predecessor-version":[{"id":1374,"href":"https:\/\/elasto.hr\/wordpress\/wp-json\/wp\/v2\/pages\/311\/revisions\/1374"}],"up":[{"embeddable":true,"href":"https:\/\/elasto.hr\/wordpress\/wp-json\/wp\/v2\/pages\/351"}],"wp:attachment":[{"href":"https:\/\/elasto.hr\/wordpress\/wp-json\/wp\/v2\/media?parent=311"}],"curies":[{"name":"wp","href":"https:\/\/api.w.org\/{rel}","templated":true}]}}