{"id":319,"date":"2014-01-04T10:28:41","date_gmt":"2014-01-04T09:28:41","guid":{"rendered":"http:\/\/www.elasto.hr\/?page_id=319"},"modified":"2026-01-20T10:24:19","modified_gmt":"2026-01-20T09:24:19","slug":"ptfe-brtveni-sklop-tip-pbs-v","status":"publish","type":"page","link":"https:\/\/elasto.hr\/wordpress\/proizvodi\/ptfe-brtveni-sklopovi\/ptfe-brtveni-sklop-tip-pbs-v\/","title":{"rendered":"<!--:HR-->PTFE brtveni sklop tip PBS-V<!--:-->"},"content":{"rendered":"\t\t<div data-elementor-type=\"wp-page\" data-elementor-id=\"319\" class=\"elementor elementor-319\">\n\t\t\t\t\t\t<section class=\"elementor-section elementor-top-section elementor-element elementor-element-1470b092 elementor-section-boxed elementor-section-height-default elementor-section-height-default\" data-id=\"1470b092\" data-element_type=\"section\">\n\t\t\t\t\t\t<div class=\"elementor-container elementor-column-gap-default\">\n\t\t\t\t\t<div class=\"elementor-column elementor-col-100 elementor-top-column elementor-element elementor-element-7577fa2b\" data-id=\"7577fa2b\" data-element_type=\"column\">\n\t\t\t<div class=\"elementor-widget-wrap elementor-element-populated\">\n\t\t\t\t\t\t<div class=\"elementor-element elementor-element-67b94481 elementor-widget elementor-widget-text-editor\" data-id=\"67b94481\" data-element_type=\"widget\" data-widget_type=\"text-editor.default\">\n\t\t\t\t<div class=\"elementor-widget-container\">\n\t\t\t\t\t\t\t\t\t<h5><a href=\"http:\/\/elasto.hr\/wordpress\/wp-content\/uploads\/2014\/05\/OMK.jpg\"><img decoding=\"async\" class=\"alignleft wp-image-684\" src=\"http:\/\/elasto.hr\/wordpress\/wp-content\/uploads\/2014\/05\/OMK.jpg\" alt=\"OMK\" width=\"200\" height=\"200\" srcset=\"https:\/\/elasto.hr\/wordpress\/wp-content\/uploads\/2014\/05\/OMK.jpg 250w, https:\/\/elasto.hr\/wordpress\/wp-content\/uploads\/2014\/05\/OMK-150x150.jpg 150w\" sizes=\"(max-width: 200px) 100vw, 200px\" \/><\/a>OPIS PROIZVODA<\/h5><p>Brtveni sklop tip PBS-V konstruiran je kao dvodjelni sklop namjenjen vanjskom brtvljenju u dvoradnim hidrauli\u010dkim cilindrima, a sastoji se od gumenog prstena na unutranjem promjeru, te PTFE pravokutnog prstena na vanjskom, radnom, promjeru. PTFE element se izra\u0111uje od PTFE-a sa punilom za najve\u0107u u\u010dinkovitost.<\/p><h5>PREDNOSTI PROIZVODA<\/h5><p>PTFE brtveni sklop tip PBS-V odlikuje se izuzetno niskim trenjem, to omogu\u0107ava velike radne brzine, vrlo dobro podnosi nagle poraste tlaka u sustavu, temperaturu, te je izuzetno kompaktnih dimenzija koje omogu\u0107avaju veliku slobodu pri konstruiranju klipova za njegovu ugradnju.<\/p><h5>MATERIJALI IZRADE<\/h5><p>&#8211; Punjeni PTFE+NBR<br \/>&#8211; Punjeni PTFE+FKM<\/p><h5>PRIMJENA I PREDVI\u0110ENI RADNI UVIJETI<\/h5><p>Hidraulika<br \/>Radni tlak: do 400 bara<br \/>Radne brzine: 5,0 m\/s<br \/>Radne temperature: -30\u00b0C do +200\u00b0C<\/p><p>\u00a0<\/p>\t\t\t\t\t\t\t\t<\/div>\n\t\t\t\t<\/div>\n\t\t\t\t\t<\/div>\n\t\t<\/div>\n\t\t\t\t\t<\/div>\n\t\t<\/section>\n\t\t\t\t<\/div>\n\t\t","protected":false},"excerpt":{"rendered":"<p>OPIS PROIZVODA Brtveni sklop tip PBS-V konstruiran je kao dvodjelni sklop namjenjen vanjskom brtvljenju u dvoradnim hidrauli\u010dkim cilindrima, a sastoji se od gumenog prstena na unutranjem promjeru, te PTFE pravokutnog prstena na vanjskom, radnom, promjeru. PTFE element se izra\u0111uje od PTFE-a sa punilom za najve\u0107u u\u010dinkovitost. PREDNOSTI PROIZVODA PTFE brtveni sklop tip PBS-V odlikuje se izuzetno niskim trenjem, to omogu\u0107ava velike radne brzine, vrlo dobro podnosi nagle poraste tlaka u sustavu, temperaturu, te je izuzetno kompaktnih dimenzija koje omogu\u0107avaju veliku slobodu pri konstruiranju klipova za njegovu ugradnju. MATERIJALI IZRADE &#8211; Punjeni PTFE+NBR&#8211; Punjeni PTFE+FKM PRIMJENA I PREDVI\u0110ENI RADNI UVIJETI HidraulikaRadni tlak: do 400 baraRadne brzine: 5,0 m\/sRadne temperature: -30\u00b0C do +200\u00b0C \u00a0<\/p>\n","protected":false},"author":1,"featured_media":0,"parent":355,"menu_order":0,"comment_status":"closed","ping_status":"closed","template":"","meta":{"footnotes":""},"class_list":["post-319","page","type-page","status-publish","hentry"],"_links":{"self":[{"href":"https:\/\/elasto.hr\/wordpress\/wp-json\/wp\/v2\/pages\/319","targetHints":{"allow":["GET"]}}],"collection":[{"href":"https:\/\/elasto.hr\/wordpress\/wp-json\/wp\/v2\/pages"}],"about":[{"href":"https:\/\/elasto.hr\/wordpress\/wp-json\/wp\/v2\/types\/page"}],"author":[{"embeddable":true,"href":"https:\/\/elasto.hr\/wordpress\/wp-json\/wp\/v2\/users\/1"}],"replies":[{"embeddable":true,"href":"https:\/\/elasto.hr\/wordpress\/wp-json\/wp\/v2\/comments?post=319"}],"version-history":[{"count":18,"href":"https:\/\/elasto.hr\/wordpress\/wp-json\/wp\/v2\/pages\/319\/revisions"}],"predecessor-version":[{"id":1380,"href":"https:\/\/elasto.hr\/wordpress\/wp-json\/wp\/v2\/pages\/319\/revisions\/1380"}],"up":[{"embeddable":true,"href":"https:\/\/elasto.hr\/wordpress\/wp-json\/wp\/v2\/pages\/355"}],"wp:attachment":[{"href":"https:\/\/elasto.hr\/wordpress\/wp-json\/wp\/v2\/media?parent=319"}],"curies":[{"name":"wp","href":"https:\/\/api.w.org\/{rel}","templated":true}]}}