{"id":321,"date":"2014-01-04T10:29:37","date_gmt":"2014-01-04T09:29:37","guid":{"rendered":"http:\/\/www.elasto.hr\/?page_id=321"},"modified":"2026-01-20T10:23:41","modified_gmt":"2026-01-20T09:23:41","slug":"ptfe-brtveni-sklop-tip-pbs-u","status":"publish","type":"page","link":"https:\/\/elasto.hr\/wordpress\/proizvodi\/ptfe-brtveni-sklopovi\/ptfe-brtveni-sklop-tip-pbs-u\/","title":{"rendered":"<!--:HR-->PTFE brtveni sklop tip PBS-U<!--:-->"},"content":{"rendered":"\t\t<div data-elementor-type=\"wp-page\" data-elementor-id=\"321\" class=\"elementor elementor-321\">\n\t\t\t\t\t\t<section class=\"elementor-section elementor-top-section elementor-element elementor-element-5fb47a9b elementor-section-boxed elementor-section-height-default elementor-section-height-default\" data-id=\"5fb47a9b\" data-element_type=\"section\">\n\t\t\t\t\t\t<div class=\"elementor-container elementor-column-gap-default\">\n\t\t\t\t\t<div class=\"elementor-column elementor-col-100 elementor-top-column elementor-element elementor-element-6f9cc633\" data-id=\"6f9cc633\" data-element_type=\"column\">\n\t\t\t<div class=\"elementor-widget-wrap elementor-element-populated\">\n\t\t\t\t\t\t<div class=\"elementor-element elementor-element-16557388 elementor-widget elementor-widget-text-editor\" data-id=\"16557388\" data-element_type=\"widget\" data-widget_type=\"text-editor.default\">\n\t\t\t\t<div class=\"elementor-widget-container\">\n\t\t\t\t\t\t\t\t\t<h5><a href=\"http:\/\/elasto.hr\/wordpress\/wp-content\/uploads\/2014\/05\/OMS.jpg\"><img decoding=\"async\" class=\"alignleft wp-image-685\" src=\"http:\/\/elasto.hr\/wordpress\/wp-content\/uploads\/2014\/05\/OMS.jpg\" alt=\"OMS\" width=\"200\" height=\"200\" srcset=\"https:\/\/elasto.hr\/wordpress\/wp-content\/uploads\/2014\/05\/OMS.jpg 250w, https:\/\/elasto.hr\/wordpress\/wp-content\/uploads\/2014\/05\/OMS-150x150.jpg 150w\" sizes=\"(max-width: 200px) 100vw, 200px\" \/><\/a>OPIS PROIZVODA<\/h5><p>Brtveni sklop tip PBS-U konstruiran je kao dvodjelni sklop namjenjen unutranjem brtvljenju u hidrauli\u010dkim cilindrima, a sastoji se od gumenog prstena (uglavnom O-Prstena, a rje\u0111e pravokutnog prstena)na vanjskom promjeru, te PTFE profiliranog ili pravokutnog prstena na unutra\u009anjem, radnom, promjeru. PTFE element se izra\u0111uje u ovisnosti od primjene od PTFE-a sa punilom za najve\u0107u u\u010dinkovitost.<\/p><h5>PREDNOSTI PROIZVODA<\/h5><p>PTFE brtveni sklop tip PBS-U odlikuje se izuzetno niskim trenjem, to omogu\u0107ava velike radne brzine, vrlo dobro podnosi nagle poraste tlaka u sustavu, temperaturu, te je izuzetno kompaktnih dimenzija koje omogu\u0107avaju veliku slobodu pri konstruiranju glava cilindara za njegovu ugradnju. Uz ugradnju ovog brtvenog sklopa preporu\u010da se i ugradnja sekundarnog brtvenog elementa (npr. M1, M3 ili P3) sa svrhom brtvljenja zaostalog uljnog filma koji je uobi\u010dajen u primjeni brtvenog sklopa tipa PBS-U osobito pri ni\u017eim radnim tlakovima.<\/p><h5>MATERIJALI IZRADE<\/h5><p>&#8211; Punjeni PTFE+NBR<br \/>&#8211; Punjeni PTFE+FKM<\/p><h5>PRIMJENA I PREDVI\u0110ENI RADNI UVIJETI<\/h5><p>Hidraulika<br \/>Radni tlak: do 400 bara<br \/>Radne brzine: 5,0 m\/s<br \/>Radne temperature: -30\u00b0C do +200\u00b0C<\/p><p>\u00a0<\/p>\t\t\t\t\t\t\t\t<\/div>\n\t\t\t\t<\/div>\n\t\t\t\t\t<\/div>\n\t\t<\/div>\n\t\t\t\t\t<\/div>\n\t\t<\/section>\n\t\t\t\t<\/div>\n\t\t","protected":false},"excerpt":{"rendered":"<p>OPIS PROIZVODA Brtveni sklop tip PBS-U konstruiran je kao dvodjelni sklop namjenjen unutranjem brtvljenju u hidrauli\u010dkim cilindrima, a sastoji se od gumenog prstena (uglavnom O-Prstena, a rje\u0111e pravokutnog prstena)na vanjskom promjeru, te PTFE profiliranog ili pravokutnog prstena na unutra\u009anjem, radnom, promjeru. PTFE element se izra\u0111uje u ovisnosti od primjene od PTFE-a sa punilom za najve\u0107u u\u010dinkovitost. PREDNOSTI PROIZVODA PTFE brtveni sklop tip PBS-U odlikuje se izuzetno niskim trenjem, to omogu\u0107ava velike radne brzine, vrlo dobro podnosi nagle poraste tlaka u sustavu, temperaturu, te je izuzetno kompaktnih dimenzija koje omogu\u0107avaju veliku slobodu pri konstruiranju glava cilindara za njegovu ugradnju. Uz ugradnju ovog brtvenog sklopa preporu\u010da se i ugradnja sekundarnog brtvenog elementa (npr. M1, M3 ili P3) sa svrhom brtvljenja zaostalog uljnog filma koji je uobi\u010dajen u primjeni brtvenog sklopa tipa PBS-U osobito pri ni\u017eim radnim tlakovima. MATERIJALI IZRADE &#8211; Punjeni PTFE+NBR&#8211; Punjeni PTFE+FKM PRIMJENA I PREDVI\u0110ENI RADNI UVIJETI HidraulikaRadni tlak: do 400 baraRadne brzine: 5,0 m\/sRadne temperature: -30\u00b0C do +200\u00b0C \u00a0<\/p>\n","protected":false},"author":1,"featured_media":0,"parent":355,"menu_order":0,"comment_status":"closed","ping_status":"closed","template":"","meta":{"footnotes":""},"class_list":["post-321","page","type-page","status-publish","hentry"],"_links":{"self":[{"href":"https:\/\/elasto.hr\/wordpress\/wp-json\/wp\/v2\/pages\/321","targetHints":{"allow":["GET"]}}],"collection":[{"href":"https:\/\/elasto.hr\/wordpress\/wp-json\/wp\/v2\/pages"}],"about":[{"href":"https:\/\/elasto.hr\/wordpress\/wp-json\/wp\/v2\/types\/page"}],"author":[{"embeddable":true,"href":"https:\/\/elasto.hr\/wordpress\/wp-json\/wp\/v2\/users\/1"}],"replies":[{"embeddable":true,"href":"https:\/\/elasto.hr\/wordpress\/wp-json\/wp\/v2\/comments?post=321"}],"version-history":[{"count":20,"href":"https:\/\/elasto.hr\/wordpress\/wp-json\/wp\/v2\/pages\/321\/revisions"}],"predecessor-version":[{"id":1377,"href":"https:\/\/elasto.hr\/wordpress\/wp-json\/wp\/v2\/pages\/321\/revisions\/1377"}],"up":[{"embeddable":true,"href":"https:\/\/elasto.hr\/wordpress\/wp-json\/wp\/v2\/pages\/355"}],"wp:attachment":[{"href":"https:\/\/elasto.hr\/wordpress\/wp-json\/wp\/v2\/media?parent=321"}],"curies":[{"name":"wp","href":"https:\/\/api.w.org\/{rel}","templated":true}]}}