{"id":323,"date":"2014-01-04T10:30:30","date_gmt":"2014-01-04T09:30:30","guid":{"rendered":"http:\/\/www.elasto.hr\/?page_id=323"},"modified":"2026-01-20T10:25:11","modified_gmt":"2026-01-20T09:25:11","slug":"ptfe-brtveni-sklop-tip-rbs-u","status":"publish","type":"page","link":"https:\/\/elasto.hr\/wordpress\/proizvodi\/ptfe-brtveni-sklopovi\/ptfe-brtveni-sklop-tip-rbs-u\/","title":{"rendered":"<!--:HR-->PTFE brtveni sklop tip RBS-U<!--:-->"},"content":{"rendered":"\t\t<div data-elementor-type=\"wp-page\" data-elementor-id=\"323\" class=\"elementor elementor-323\">\n\t\t\t\t\t\t<section class=\"elementor-section elementor-top-section elementor-element elementor-element-1e053b0b elementor-section-boxed elementor-section-height-default elementor-section-height-default\" data-id=\"1e053b0b\" data-element_type=\"section\">\n\t\t\t\t\t\t<div class=\"elementor-container elementor-column-gap-default\">\n\t\t\t\t\t<div class=\"elementor-column elementor-col-100 elementor-top-column elementor-element elementor-element-2ca89d67\" data-id=\"2ca89d67\" data-element_type=\"column\">\n\t\t\t<div class=\"elementor-widget-wrap elementor-element-populated\">\n\t\t\t\t\t\t<div class=\"elementor-element elementor-element-4ab69f18 elementor-widget elementor-widget-text-editor\" data-id=\"4ab69f18\" data-element_type=\"widget\" data-widget_type=\"text-editor.default\">\n\t\t\t\t<div class=\"elementor-widget-container\">\n\t\t\t\t\t\t\t\t\t<h5><a href=\"http:\/\/elasto.hr\/wordpress\/wp-content\/uploads\/2014\/05\/RBS-U.jpg\"><img decoding=\"async\" class=\"alignleft wp-image-734\" src=\"http:\/\/elasto.hr\/wordpress\/wp-content\/uploads\/2014\/05\/RBS-U.jpg\" alt=\"RBS-U\" width=\"200\" height=\"200\" srcset=\"https:\/\/elasto.hr\/wordpress\/wp-content\/uploads\/2014\/05\/RBS-U.jpg 250w, https:\/\/elasto.hr\/wordpress\/wp-content\/uploads\/2014\/05\/RBS-U-150x150.jpg 150w\" sizes=\"(max-width: 200px) 100vw, 200px\" \/><\/a>OPIS PROIZVODA<\/h5><p>Brtveni sklop tip RBS-U namjenjen je hidrauli\u010dkom brtvljenju u uvijetima rotacijskog i nji\u0161u\u0107eg gibanja. Sastoji se od \u010detiri elementa: gumenog pravokutnog ili okruglog prstena, PTFE kliznog prstena, te dva za\u0161titna poliacetalska prstena.<\/p><h5>PREDNOSTI PROIZVODA<\/h5><p>Rotacijski brtveni sklop tipa RBS-U predstavlja kvalitetno rje\u0161enje problema brtvljenja u rotiraju\u0107im sklopovima. Odlikuje se izuzetno niskim trenjem, velikom otporno\u0107u na deformacije, te iznimnom trajno\u0161\u0107u.<\/p><h5>MATERIJALI IZRADE<\/h5><p>&#8211; NBR+PTFE+POM<\/p><h5>PRIMJENA I PREDVI\u0110ENI RADNI UVIJETI<\/h5><p>Hidraulika<br \/>Radni tlak: do 400 bara<br \/>Radne brzine: do 5 m\/s<br \/>Radne temperature: -30\u00b0C do +90\u00b0C<\/p><p>\u00a0<\/p>\t\t\t\t\t\t\t\t<\/div>\n\t\t\t\t<\/div>\n\t\t\t\t\t<\/div>\n\t\t<\/div>\n\t\t\t\t\t<\/div>\n\t\t<\/section>\n\t\t\t\t<\/div>\n\t\t","protected":false},"excerpt":{"rendered":"<p>OPIS PROIZVODA Brtveni sklop tip RBS-U namjenjen je hidrauli\u010dkom brtvljenju u uvijetima rotacijskog i nji\u0161u\u0107eg gibanja. Sastoji se od \u010detiri elementa: gumenog pravokutnog ili okruglog prstena, PTFE kliznog prstena, te dva za\u0161titna poliacetalska prstena. PREDNOSTI PROIZVODA Rotacijski brtveni sklop tipa RBS-U predstavlja kvalitetno rje\u0161enje problema brtvljenja u rotiraju\u0107im sklopovima. Odlikuje se izuzetno niskim trenjem, velikom otporno\u0107u na deformacije, te iznimnom trajno\u0161\u0107u. MATERIJALI IZRADE &#8211; NBR+PTFE+POM PRIMJENA I PREDVI\u0110ENI RADNI UVIJETI HidraulikaRadni tlak: do 400 baraRadne brzine: do 5 m\/sRadne temperature: -30\u00b0C do +90\u00b0C \u00a0<\/p>\n","protected":false},"author":1,"featured_media":0,"parent":355,"menu_order":0,"comment_status":"closed","ping_status":"closed","template":"","meta":{"footnotes":""},"class_list":["post-323","page","type-page","status-publish","hentry"],"_links":{"self":[{"href":"https:\/\/elasto.hr\/wordpress\/wp-json\/wp\/v2\/pages\/323","targetHints":{"allow":["GET"]}}],"collection":[{"href":"https:\/\/elasto.hr\/wordpress\/wp-json\/wp\/v2\/pages"}],"about":[{"href":"https:\/\/elasto.hr\/wordpress\/wp-json\/wp\/v2\/types\/page"}],"author":[{"embeddable":true,"href":"https:\/\/elasto.hr\/wordpress\/wp-json\/wp\/v2\/users\/1"}],"replies":[{"embeddable":true,"href":"https:\/\/elasto.hr\/wordpress\/wp-json\/wp\/v2\/comments?post=323"}],"version-history":[{"count":19,"href":"https:\/\/elasto.hr\/wordpress\/wp-json\/wp\/v2\/pages\/323\/revisions"}],"predecessor-version":[{"id":1383,"href":"https:\/\/elasto.hr\/wordpress\/wp-json\/wp\/v2\/pages\/323\/revisions\/1383"}],"up":[{"embeddable":true,"href":"https:\/\/elasto.hr\/wordpress\/wp-json\/wp\/v2\/pages\/355"}],"wp:attachment":[{"href":"https:\/\/elasto.hr\/wordpress\/wp-json\/wp\/v2\/media?parent=323"}],"curies":[{"name":"wp","href":"https:\/\/api.w.org\/{rel}","templated":true}]}}