{"id":329,"date":"2014-01-04T10:34:08","date_gmt":"2014-01-04T09:34:08","guid":{"rendered":"http:\/\/www.elasto.hr\/?page_id=329"},"modified":"2026-01-20T07:54:58","modified_gmt":"2026-01-20T06:54:58","slug":"q-prsten","status":"publish","type":"page","link":"https:\/\/elasto.hr\/wordpress\/proizvodi\/q-prsten\/","title":{"rendered":"<!--:HR-->Q-Prsten<!--:-->"},"content":{"rendered":"\t\t<div data-elementor-type=\"wp-page\" data-elementor-id=\"329\" class=\"elementor elementor-329\">\n\t\t\t\t\t\t<section class=\"elementor-section elementor-top-section elementor-element elementor-element-356373c9 elementor-section-boxed elementor-section-height-default elementor-section-height-default\" data-id=\"356373c9\" data-element_type=\"section\">\n\t\t\t\t\t\t<div class=\"elementor-container elementor-column-gap-default\">\n\t\t\t\t\t<div class=\"elementor-column elementor-col-100 elementor-top-column elementor-element elementor-element-7993cca0\" data-id=\"7993cca0\" data-element_type=\"column\">\n\t\t\t<div class=\"elementor-widget-wrap elementor-element-populated\">\n\t\t\t\t\t\t<div class=\"elementor-element elementor-element-26853210 animated-slow elementor-invisible elementor-widget elementor-widget-text-editor\" data-id=\"26853210\" data-element_type=\"widget\" data-settings=\"{&quot;_animation&quot;:&quot;fadeInRight&quot;,&quot;_animation_delay&quot;:400}\" data-widget_type=\"text-editor.default\">\n\t\t\t\t<div class=\"elementor-widget-container\">\n\t\t\t\t\t\t\t\t\t<h5><a href=\"http:\/\/elasto.hr\/wordpress\/wp-content\/uploads\/2014\/05\/Q-Prsten.jpg\"><img decoding=\"async\" class=\"alignleft wp-image-690\" src=\"http:\/\/elasto.hr\/wordpress\/wp-content\/uploads\/2014\/05\/Q-Prsten.jpg\" alt=\"Q-Prsten\" width=\"200\" height=\"200\" srcset=\"https:\/\/elasto.hr\/wordpress\/wp-content\/uploads\/2014\/05\/Q-Prsten.jpg 250w, https:\/\/elasto.hr\/wordpress\/wp-content\/uploads\/2014\/05\/Q-Prsten-150x150.jpg 150w\" sizes=\"(max-width: 200px) 100vw, 200px\" \/><\/a>OPIS PROIZVODA<\/h5><p>Q-Prsten konstruiran je kao gumeni prsten sa \u010detiri izra\u017e\u009eena brtvena brida. Namjenjen je za stati\u010dko, dinami\u010dko vanjsko, dinami\u010dko unutra\u009anje i dinami\u010dko rotacijsko brtvljenje elemenata hidrauli\u010dkih ili pneumatskih sklopova.<\/p><h5>PREDNOSTI PROIZVODA<\/h5><p>Neke konstruktivne situacije zahtjevaju primjenu brtvenih elemenata za koje je mogu\u0107e osigurati vrlo malo ugradbenog prostora, a u kojima jednostavni O-Prsten nije zadovoljavaju\u0107e rje\u0161\u009aenje (posebno za dinami\u010dko brtvljenje), tada je vrlo dobro rje\u0161\u009aenje primjena Q-Prstena. Trajnost ovog brtvenog elementa je vrlo dobra u radnim uvijetima niskog do umjerenog optere\u0107enja.<\/p><h5>MATERIJALI IZRADE<\/h5><p>&#8211; NBR<br \/>&#8211; FKM<br \/>&#8211; EPDM<\/p><h5>PRIMJENA I PREDVI\u0110ENI RADNI UVIJETI<\/h5><p>Hidraulika, pneumatika<br \/>Radni tlak: do 180 bara<br \/>Radne brzine: 0,5 m\/s<br \/>Radne temperature: -30\u00b0C do +120\u00b0C<\/p><p>\u00a0<\/p>\t\t\t\t\t\t\t\t<\/div>\n\t\t\t\t<\/div>\n\t\t\t\t\t<\/div>\n\t\t<\/div>\n\t\t\t\t\t<\/div>\n\t\t<\/section>\n\t\t\t\t<\/div>\n\t\t","protected":false},"excerpt":{"rendered":"<p>OPIS PROIZVODA Q-Prsten konstruiran je kao gumeni prsten sa \u010detiri izra\u017e\u009eena brtvena brida. Namjenjen je za stati\u010dko, dinami\u010dko vanjsko, dinami\u010dko unutra\u009anje i dinami\u010dko rotacijsko brtvljenje elemenata hidrauli\u010dkih ili pneumatskih sklopova. PREDNOSTI PROIZVODA Neke konstruktivne situacije zahtjevaju primjenu brtvenih elemenata za koje je mogu\u0107e osigurati vrlo malo ugradbenog prostora, a u kojima jednostavni O-Prsten nije zadovoljavaju\u0107e rje\u0161\u009aenje (posebno za dinami\u010dko brtvljenje), tada je vrlo dobro rje\u0161\u009aenje primjena Q-Prstena. Trajnost ovog brtvenog elementa je vrlo dobra u radnim uvijetima niskog do umjerenog optere\u0107enja. MATERIJALI IZRADE &#8211; NBR&#8211; FKM&#8211; EPDM PRIMJENA I PREDVI\u0110ENI RADNI UVIJETI Hidraulika, pneumatikaRadni tlak: do 180 baraRadne brzine: 0,5 m\/sRadne temperature: -30\u00b0C do +120\u00b0C \u00a0<\/p>\n","protected":false},"author":1,"featured_media":0,"parent":33,"menu_order":0,"comment_status":"closed","ping_status":"closed","template":"","meta":{"footnotes":""},"class_list":["post-329","page","type-page","status-publish","hentry"],"_links":{"self":[{"href":"https:\/\/elasto.hr\/wordpress\/wp-json\/wp\/v2\/pages\/329","targetHints":{"allow":["GET"]}}],"collection":[{"href":"https:\/\/elasto.hr\/wordpress\/wp-json\/wp\/v2\/pages"}],"about":[{"href":"https:\/\/elasto.hr\/wordpress\/wp-json\/wp\/v2\/types\/page"}],"author":[{"embeddable":true,"href":"https:\/\/elasto.hr\/wordpress\/wp-json\/wp\/v2\/users\/1"}],"replies":[{"embeddable":true,"href":"https:\/\/elasto.hr\/wordpress\/wp-json\/wp\/v2\/comments?post=329"}],"version-history":[{"count":19,"href":"https:\/\/elasto.hr\/wordpress\/wp-json\/wp\/v2\/pages\/329\/revisions"}],"predecessor-version":[{"id":1329,"href":"https:\/\/elasto.hr\/wordpress\/wp-json\/wp\/v2\/pages\/329\/revisions\/1329"}],"up":[{"embeddable":true,"href":"https:\/\/elasto.hr\/wordpress\/wp-json\/wp\/v2\/pages\/33"}],"wp:attachment":[{"href":"https:\/\/elasto.hr\/wordpress\/wp-json\/wp\/v2\/media?parent=329"}],"curies":[{"name":"wp","href":"https:\/\/api.w.org\/{rel}","templated":true}]}}