{"id":332,"date":"2014-01-04T10:35:02","date_gmt":"2014-01-04T09:35:02","guid":{"rendered":"http:\/\/www.elasto.hr\/?page_id=332"},"modified":"2026-01-20T07:42:13","modified_gmt":"2026-01-20T06:42:13","slug":"brtvene-garniture","status":"publish","type":"page","link":"https:\/\/elasto.hr\/wordpress\/proizvodi\/brtvene-garniture\/","title":{"rendered":"<!--:HR-->Brtvene garniture<!--:-->"},"content":{"rendered":"\t\t<div data-elementor-type=\"wp-page\" data-elementor-id=\"332\" class=\"elementor elementor-332\">\n\t\t\t\t\t\t<section class=\"elementor-section elementor-top-section elementor-element elementor-element-2f86c55b elementor-section-boxed elementor-section-height-default elementor-section-height-default\" data-id=\"2f86c55b\" data-element_type=\"section\">\n\t\t\t\t\t\t<div class=\"elementor-container elementor-column-gap-default\">\n\t\t\t\t\t<div class=\"elementor-column elementor-col-100 elementor-top-column elementor-element elementor-element-2afc7b05\" data-id=\"2afc7b05\" data-element_type=\"column\">\n\t\t\t<div class=\"elementor-widget-wrap elementor-element-populated\">\n\t\t\t\t\t\t<div class=\"elementor-element elementor-element-1f3f42ed animated-slow elementor-invisible elementor-widget elementor-widget-text-editor\" data-id=\"1f3f42ed\" data-element_type=\"widget\" data-settings=\"{&quot;_animation&quot;:&quot;fadeInRight&quot;,&quot;_animation_delay&quot;:400}\" data-widget_type=\"text-editor.default\">\n\t\t\t\t<div class=\"elementor-widget-container\">\n\t\t\t\t\t\t\t\t\t<p><!--:HR--><a href=\"http:\/\/elasto.hr\/wordpress\/wp-content\/uploads\/2014\/01\/25_300.jpg\"><img fetchpriority=\"high\" decoding=\"async\" class=\"alignleft wp-image-249\" src=\"http:\/\/elasto.hr\/wordpress\/wp-content\/uploads\/2014\/01\/25_300.jpg\" alt=\"25_300\" width=\"200\" height=\"368\" srcset=\"https:\/\/elasto.hr\/wordpress\/wp-content\/uploads\/2014\/01\/25_300.jpg 250w, https:\/\/elasto.hr\/wordpress\/wp-content\/uploads\/2014\/01\/25_300-163x300.jpg 163w, https:\/\/elasto.hr\/wordpress\/wp-content\/uploads\/2014\/01\/25_300-81x150.jpg 81w\" sizes=\"(max-width: 200px) 100vw, 200px\" \/><\/a>OPIS PROIZVODA<br \/>Tijekom dugogodi\u0161\u009anjeg prakti\u010dnog iskustva pojavila se potreba, temeljena na zahtjevima klijenata, za formiranjem raznih garnitura brtvila za \u010desto prisutne hidrauli\u010dke cilindre i druge hidrauli\u010dke sklopove. Temeljem spomenutih zahtjeva formirali smo niz brtvenih garnitura koje \u010dak i danas nalaze svoje kupce i primjenu.<\/p><p>PREDNOSTI PROIZVODA<br \/>Odabirom neke brtvene garniture klijenti koji imaju potrebu za zamjenom dotrajalih brtvenih elemenata na najjednostavniji na\u010din dolaze do cjelovitog rje\u0161enja za svoj problem, bez potrebe za analizom svakog pojedinog brtvenog elementa koji se u sustavu nalazi.<!--:--><\/p>\t\t\t\t\t\t\t\t<\/div>\n\t\t\t\t<\/div>\n\t\t\t\t\t<\/div>\n\t\t<\/div>\n\t\t\t\t\t<\/div>\n\t\t<\/section>\n\t\t\t\t<\/div>\n\t\t","protected":false},"excerpt":{"rendered":"<p>OPIS PROIZVODATijekom dugogodi\u0161\u009anjeg prakti\u010dnog iskustva pojavila se potreba, temeljena na zahtjevima klijenata, za formiranjem raznih garnitura brtvila za \u010desto prisutne hidrauli\u010dke cilindre i druge hidrauli\u010dke sklopove. Temeljem spomenutih zahtjeva formirali smo niz brtvenih garnitura koje \u010dak i danas nalaze svoje kupce i primjenu. PREDNOSTI PROIZVODAOdabirom neke brtvene garniture klijenti koji imaju potrebu za zamjenom dotrajalih brtvenih elemenata na najjednostavniji na\u010din dolaze do cjelovitog rje\u0161enja za svoj problem, bez potrebe za analizom svakog pojedinog brtvenog elementa koji se u sustavu nalazi.<\/p>\n","protected":false},"author":1,"featured_media":0,"parent":33,"menu_order":0,"comment_status":"closed","ping_status":"closed","template":"","meta":{"footnotes":""},"class_list":["post-332","page","type-page","status-publish","hentry"],"_links":{"self":[{"href":"https:\/\/elasto.hr\/wordpress\/wp-json\/wp\/v2\/pages\/332","targetHints":{"allow":["GET"]}}],"collection":[{"href":"https:\/\/elasto.hr\/wordpress\/wp-json\/wp\/v2\/pages"}],"about":[{"href":"https:\/\/elasto.hr\/wordpress\/wp-json\/wp\/v2\/types\/page"}],"author":[{"embeddable":true,"href":"https:\/\/elasto.hr\/wordpress\/wp-json\/wp\/v2\/users\/1"}],"replies":[{"embeddable":true,"href":"https:\/\/elasto.hr\/wordpress\/wp-json\/wp\/v2\/comments?post=332"}],"version-history":[{"count":15,"href":"https:\/\/elasto.hr\/wordpress\/wp-json\/wp\/v2\/pages\/332\/revisions"}],"predecessor-version":[{"id":1293,"href":"https:\/\/elasto.hr\/wordpress\/wp-json\/wp\/v2\/pages\/332\/revisions\/1293"}],"up":[{"embeddable":true,"href":"https:\/\/elasto.hr\/wordpress\/wp-json\/wp\/v2\/pages\/33"}],"wp:attachment":[{"href":"https:\/\/elasto.hr\/wordpress\/wp-json\/wp\/v2\/media?parent=332"}],"curies":[{"name":"wp","href":"https:\/\/api.w.org\/{rel}","templated":true}]}}