{"id":342,"date":"2014-01-04T10:43:53","date_gmt":"2014-01-04T09:43:53","guid":{"rendered":"http:\/\/www.elasto.hr\/?page_id=342"},"modified":"2026-01-20T07:47:26","modified_gmt":"2026-01-20T06:47:26","slug":"brisaci-prasine","status":"publish","type":"page","link":"https:\/\/elasto.hr\/wordpress\/proizvodi\/brisaci-prasine\/","title":{"rendered":"<!--:HR-->Brisa\u010di pra\u0161ine<!--:-->"},"content":{"rendered":"\t\t<div data-elementor-type=\"wp-page\" data-elementor-id=\"342\" class=\"elementor elementor-342\">\n\t\t\t\t\t\t<section class=\"elementor-section elementor-top-section elementor-element elementor-element-15af3f9c elementor-section-boxed elementor-section-height-default elementor-section-height-default\" data-id=\"15af3f9c\" data-element_type=\"section\">\n\t\t\t\t\t\t<div class=\"elementor-container elementor-column-gap-default\">\n\t\t\t\t\t<div class=\"elementor-column elementor-col-100 elementor-top-column elementor-element elementor-element-7eba5e2f\" data-id=\"7eba5e2f\" data-element_type=\"column\">\n\t\t\t<div class=\"elementor-widget-wrap elementor-element-populated\">\n\t\t\t\t\t\t<div class=\"elementor-element elementor-element-3401d049 animated-slow elementor-invisible elementor-widget elementor-widget-text-editor\" data-id=\"3401d049\" data-element_type=\"widget\" data-settings=\"{&quot;_animation&quot;:&quot;fadeInRight&quot;,&quot;_animation_delay&quot;:400}\" data-widget_type=\"text-editor.default\">\n\t\t\t\t<div class=\"elementor-widget-container\">\n\t\t\t\t\t\t\t\t\t<p><!--:HR--><a href=\"http:\/\/elasto.hr\/wordpress\/wp-content\/uploads\/2014\/05\/Brisaci.jpg\"><img decoding=\"async\" class=\"wp-image-739 alignnone\" src=\"http:\/\/elasto.hr\/wordpress\/wp-content\/uploads\/2014\/05\/Brisaci.jpg\" alt=\"Brisaci\" width=\"210\" height=\"100\" srcset=\"https:\/\/elasto.hr\/wordpress\/wp-content\/uploads\/2014\/05\/Brisaci.jpg 263w, https:\/\/elasto.hr\/wordpress\/wp-content\/uploads\/2014\/05\/Brisaci-250x118.jpg 250w, https:\/\/elasto.hr\/wordpress\/wp-content\/uploads\/2014\/05\/Brisaci-150x71.jpg 150w\" sizes=\"(max-width: 210px) 100vw, 210px\" \/><\/a><\/p><ul><li><a title=\"Brisa\u010d pra\u0161ine tip P1\" href=\"http:\/\/www.elasto.hr\/proizvodi\/brisac-prasine-tip-p1\/\">Brisa\u010d pra\u0161ine tip P1<\/a><\/li><li><a title=\"Brisa\u010d pra\u0161ine tip P2\" href=\"http:\/\/www.elasto.hr\/proizvodi\/brisac-prasine-tip-p2\/\">Brisa\u010d pra\u0161ine tip P2<\/a><\/li><li><a title=\"Brisa\u010d pra\u0161ine tip P3\" href=\"http:\/\/www.elasto.hr\/proizvodi\/brisac-prasine-tip-p3\/\">Brisa\u010d pra\u0161ine tip P3<\/a><\/li><\/ul><p>\u00a0<\/p><p><!--:--><\/p>\t\t\t\t\t\t\t\t<\/div>\n\t\t\t\t<\/div>\n\t\t\t\t\t<\/div>\n\t\t<\/div>\n\t\t\t\t\t<\/div>\n\t\t<\/section>\n\t\t\t\t<\/div>\n\t\t","protected":false},"excerpt":{"rendered":"<p>Brisa\u010d pra\u0161ine tip P1 Brisa\u010d pra\u0161ine tip P2 Brisa\u010d pra\u0161ine tip P3 \u00a0<\/p>\n","protected":false},"author":1,"featured_media":0,"parent":33,"menu_order":0,"comment_status":"closed","ping_status":"closed","template":"","meta":{"footnotes":""},"class_list":["post-342","page","type-page","status-publish","hentry"],"_links":{"self":[{"href":"https:\/\/elasto.hr\/wordpress\/wp-json\/wp\/v2\/pages\/342","targetHints":{"allow":["GET"]}}],"collection":[{"href":"https:\/\/elasto.hr\/wordpress\/wp-json\/wp\/v2\/pages"}],"about":[{"href":"https:\/\/elasto.hr\/wordpress\/wp-json\/wp\/v2\/types\/page"}],"author":[{"embeddable":true,"href":"https:\/\/elasto.hr\/wordpress\/wp-json\/wp\/v2\/users\/1"}],"replies":[{"embeddable":true,"href":"https:\/\/elasto.hr\/wordpress\/wp-json\/wp\/v2\/comments?post=342"}],"version-history":[{"count":17,"href":"https:\/\/elasto.hr\/wordpress\/wp-json\/wp\/v2\/pages\/342\/revisions"}],"predecessor-version":[{"id":1305,"href":"https:\/\/elasto.hr\/wordpress\/wp-json\/wp\/v2\/pages\/342\/revisions\/1305"}],"up":[{"embeddable":true,"href":"https:\/\/elasto.hr\/wordpress\/wp-json\/wp\/v2\/pages\/33"}],"wp:attachment":[{"href":"https:\/\/elasto.hr\/wordpress\/wp-json\/wp\/v2\/media?parent=342"}],"curies":[{"name":"wp","href":"https:\/\/api.w.org\/{rel}","templated":true}]}}