{"id":365,"date":"2014-01-04T11:19:21","date_gmt":"2014-01-04T10:19:21","guid":{"rendered":"http:\/\/www.elasto.hr\/?page_id=365"},"modified":"2026-01-20T06:43:09","modified_gmt":"2026-01-20T05:43:09","slug":"specijalni-proizvodi","status":"publish","type":"page","link":"https:\/\/elasto.hr\/wordpress\/proizvodi\/specijalni-proizvodi\/","title":{"rendered":"<!--:HR-->Specijalni proizvodi<!--:-->"},"content":{"rendered":"\t\t<div data-elementor-type=\"wp-page\" data-elementor-id=\"365\" class=\"elementor elementor-365\">\n\t\t\t\t\t\t<section class=\"elementor-section elementor-top-section elementor-element elementor-element-41232254 elementor-section-boxed elementor-section-height-default elementor-section-height-default\" data-id=\"41232254\" data-element_type=\"section\">\n\t\t\t\t\t\t<div class=\"elementor-container elementor-column-gap-default\">\n\t\t\t\t\t<div class=\"elementor-column elementor-col-100 elementor-top-column elementor-element elementor-element-2315c81d\" data-id=\"2315c81d\" data-element_type=\"column\">\n\t\t\t<div class=\"elementor-widget-wrap elementor-element-populated\">\n\t\t\t\t\t\t<div class=\"elementor-element elementor-element-64725e75 animated-slow elementor-invisible elementor-widget elementor-widget-text-editor\" data-id=\"64725e75\" data-element_type=\"widget\" data-settings=\"{&quot;_animation&quot;:&quot;fadeInRight&quot;,&quot;_animation_delay&quot;:400}\" data-widget_type=\"text-editor.default\">\n\t\t\t\t<div class=\"elementor-widget-container\">\n\t\t\t\t\t\t\t\t\t<p><!--:HR--><img decoding=\"async\" class=\"alignleft wp-image-237\" src=\"http:\/\/elasto.hr\/wordpress\/wp-content\/uploads\/2014\/01\/Presentation_Widget_02.jpg\" alt=\"Presentation_Widget_02\" width=\"201\" height=\"95\" srcset=\"https:\/\/elasto.hr\/wordpress\/wp-content\/uploads\/2014\/01\/Presentation_Widget_02.jpg 318w, https:\/\/elasto.hr\/wordpress\/wp-content\/uploads\/2014\/01\/Presentation_Widget_02-300x141.jpg 300w, https:\/\/elasto.hr\/wordpress\/wp-content\/uploads\/2014\/01\/Presentation_Widget_02-250x117.jpg 250w, https:\/\/elasto.hr\/wordpress\/wp-content\/uploads\/2014\/01\/Presentation_Widget_02-150x70.jpg 150w\" sizes=\"(max-width: 201px) 100vw, 201px\" \/>Ova grupa proizvoda predstavlja vrlo \u0161iroku lepezu najrazli\u010ditijih proizvoda proizvedenih od elastomera (samostalno ili u kombinaciji sa drugim materijalima) prema jasno postavljenim zahtjevima na\u0161ih klijenata ili prema na\u0161im konstruktivnim rje\u0161enjima nastalima na temelju op\u0107enito postavljenih zahtjeva. Posebno je va\u017eno napomenuti da prema zahtjevima klijenata mo\u017eemo proizvesti prakti\u010dno bilo koji proizvod koji \u0107e sigurno zadovoljiti i najzahtjevnije primjene.<\/p><p>Ukoliko imate potrebu za nekim proizvodom iz ove grupe molimo Vas da nas\u00a0kontaktirate\u00a0kako bismo pomogli u rje\u0161avanju Va\u0161eg problema. Kao pripadnike ove grupe proizvoda mo\u017eemo navesti <span style=\"text-decoration: underline;\"><em>specijalne brtvene elemente, spojni\u010dke ulo\u0161ke, membrane, amortizere, odbojnike, za\u0161titne harmonike, \u0161titnike<\/em><\/span> itd. <a title=\"Kontakt\" href=\"http:\/\/www.elasto.hr\/kontakt\/\">Kontaktirajte nas<\/a><\/p><p>\u00a0<\/p>\t\t\t\t\t\t\t\t<\/div>\n\t\t\t\t<\/div>\n\t\t\t\t\t<\/div>\n\t\t<\/div>\n\t\t\t\t\t<\/div>\n\t\t<\/section>\n\t\t\t\t<section class=\"elementor-section elementor-top-section elementor-element elementor-element-ad377bf elementor-section-boxed elementor-section-height-default elementor-section-height-default\" data-id=\"ad377bf\" data-element_type=\"section\">\n\t\t\t\t\t\t<div class=\"elementor-container elementor-column-gap-default\">\n\t\t\t\t\t<div class=\"elementor-column elementor-col-100 elementor-top-column elementor-element elementor-element-2c14d96\" data-id=\"2c14d96\" data-element_type=\"column\">\n\t\t\t<div class=\"elementor-widget-wrap elementor-element-populated\">\n\t\t\t\t\t\t<div class=\"elementor-element elementor-element-7018dfe elementor-widget elementor-widget-spacer\" data-id=\"7018dfe\" data-element_type=\"widget\" data-widget_type=\"spacer.default\">\n\t\t\t\t<div class=\"elementor-widget-container\">\n\t\t\t\t\t\t\t<div class=\"elementor-spacer\">\n\t\t\t<div class=\"elementor-spacer-inner\"><\/div>\n\t\t<\/div>\n\t\t\t\t\t\t<\/div>\n\t\t\t\t<\/div>\n\t\t\t\t\t<\/div>\n\t\t<\/div>\n\t\t\t\t\t<\/div>\n\t\t<\/section>\n\t\t\t\t<\/div>\n\t\t","protected":false},"excerpt":{"rendered":"<p>Ova grupa proizvoda predstavlja vrlo \u0161iroku lepezu najrazli\u010ditijih proizvoda proizvedenih od elastomera (samostalno ili u kombinaciji sa drugim materijalima) prema jasno postavljenim zahtjevima na\u0161ih klijenata ili prema na\u0161im konstruktivnim rje\u0161enjima nastalima na temelju op\u0107enito postavljenih zahtjeva. Posebno je va\u017eno napomenuti da prema zahtjevima klijenata mo\u017eemo proizvesti prakti\u010dno bilo koji proizvod koji \u0107e sigurno zadovoljiti i najzahtjevnije primjene. Ukoliko imate potrebu za nekim proizvodom iz ove grupe molimo Vas da nas\u00a0kontaktirate\u00a0kako bismo pomogli u rje\u0161avanju Va\u0161eg problema. Kao pripadnike ove grupe proizvoda mo\u017eemo navesti specijalne brtvene elemente, spojni\u010dke ulo\u0161ke, membrane, amortizere, odbojnike, za\u0161titne harmonike, \u0161titnike itd. Kontaktirajte nas \u00a0<\/p>\n","protected":false},"author":1,"featured_media":0,"parent":33,"menu_order":0,"comment_status":"closed","ping_status":"closed","template":"","meta":{"footnotes":""},"class_list":["post-365","page","type-page","status-publish","hentry"],"_links":{"self":[{"href":"https:\/\/elasto.hr\/wordpress\/wp-json\/wp\/v2\/pages\/365","targetHints":{"allow":["GET"]}}],"collection":[{"href":"https:\/\/elasto.hr\/wordpress\/wp-json\/wp\/v2\/pages"}],"about":[{"href":"https:\/\/elasto.hr\/wordpress\/wp-json\/wp\/v2\/types\/page"}],"author":[{"embeddable":true,"href":"https:\/\/elasto.hr\/wordpress\/wp-json\/wp\/v2\/users\/1"}],"replies":[{"embeddable":true,"href":"https:\/\/elasto.hr\/wordpress\/wp-json\/wp\/v2\/comments?post=365"}],"version-history":[{"count":22,"href":"https:\/\/elasto.hr\/wordpress\/wp-json\/wp\/v2\/pages\/365\/revisions"}],"predecessor-version":[{"id":1224,"href":"https:\/\/elasto.hr\/wordpress\/wp-json\/wp\/v2\/pages\/365\/revisions\/1224"}],"up":[{"embeddable":true,"href":"https:\/\/elasto.hr\/wordpress\/wp-json\/wp\/v2\/pages\/33"}],"wp:attachment":[{"href":"https:\/\/elasto.hr\/wordpress\/wp-json\/wp\/v2\/media?parent=365"}],"curies":[{"name":"wp","href":"https:\/\/api.w.org\/{rel}","templated":true}]}}