{"id":40,"date":"2013-12-28T12:17:00","date_gmt":"2013-12-28T11:17:00","guid":{"rendered":"http:\/\/elasto.hr\/wordpress\/?page_id=40"},"modified":"2026-01-20T07:04:34","modified_gmt":"2026-01-20T06:04:34","slug":"katalog","status":"publish","type":"page","link":"https:\/\/elasto.hr\/wordpress\/katalog\/","title":{"rendered":"<!--:HR-->Katalog i Bro\u0161ure<!--:-->"},"content":{"rendered":"\t\t<div data-elementor-type=\"wp-page\" data-elementor-id=\"40\" class=\"elementor elementor-40\">\n\t\t\t\t\t\t<section class=\"elementor-section elementor-top-section elementor-element elementor-element-369e0ec2 elementor-section-boxed elementor-section-height-default elementor-section-height-default\" data-id=\"369e0ec2\" data-element_type=\"section\">\n\t\t\t\t\t\t<div class=\"elementor-container elementor-column-gap-default\">\n\t\t\t\t\t<div class=\"elementor-column elementor-col-100 elementor-top-column elementor-element elementor-element-9ff8fab\" data-id=\"9ff8fab\" data-element_type=\"column\">\n\t\t\t<div class=\"elementor-widget-wrap elementor-element-populated\">\n\t\t\t\t\t\t<div class=\"elementor-element elementor-element-4429b8b0 animated-slow elementor-invisible elementor-widget elementor-widget-text-editor\" data-id=\"4429b8b0\" data-element_type=\"widget\" data-settings=\"{&quot;_animation&quot;:&quot;fadeInRight&quot;,&quot;_animation_delay&quot;:300}\" data-widget_type=\"text-editor.default\">\n\t\t\t\t<div class=\"elementor-widget-container\">\n\t\t\t\t\t\t\t\t\t<h5>Ovdje mo\u017eete prona\u0107i i preuzeti na\u0161 katalog proizvoda, te niz bro\u0161ura koje Vam mogu pomo\u0107i u svakodnevnom radu.<\/h5><h5>Ukoliko u katalogu ili bro\u0161urama ne na\u0111ete ono \u0161to Vas zanima svakako nas kontaktirajte, sigurni smo da mo\u017eemo prona\u0107i rje\u0161enje Va\u0161eg problema !<\/h5><hr \/><h4>\u00a0<\/h4><h4 style=\"text-align: justify;\"><span style=\"color: #333333;\">Katalog Proizvoda<\/span><\/h4><p><a href=\"http:\/\/www.elasto.hr\/Files\/Elasto_2018_Katalog.pdf\" target=\"_blank\" rel=\"attachment noopener wp-att-946 noreferrer\"><img decoding=\"async\" class=\"alignleft wp-image-946 \" src=\"http:\/\/elasto.hr\/wordpress\/wp-content\/uploads\/2018\/05\/Ikona_Katalog.png\" alt=\"Katalog Proizvoda\" width=\"110\" height=\"116\" \/><\/a><\/p><p style=\"text-align: justify;\">Ve\u0107i dio standardnog asortimana na\u0161ih proizvoda iz programa brtvenih elemenata za hidrauli\u010dke sustave mo\u017eete prona\u0107i u <a href=\"http:\/\/www.elasto.hr\/Files\/Elasto_2018_Katalog.pdf\">katalogu 2018.<\/a> koji je ovdje dostupan za preuzimanje u PDF obliku. Osim samih proizvoda, u katalogu mo\u017eete prona\u0107i i niz va\u017enih tehni\u010dkih podataka, karakteristika elastomera, uputa za ugradnju i sl., koji \u0107e Vam sigurno biti od koristi u svakodnevnom radu sa hidrauli\u010dkim sustavima.<\/p><hr \/><h4 style=\"text-align: justify;\"><span style=\"color: #333333;\">\u00a0<\/span><\/h4><h4 style=\"text-align: justify;\"><span style=\"color: #333333;\">Brtve visokotla\u010dnih priklju\u010daka<\/span><\/h4><p><span style=\"font-size: 16px; text-align: justify;\"><a href=\"http:\/\/www.elasto.hr\/Files\/Elasto-Brtve_Visokotlacnih_Prikljucaka.pdf\" target=\"_blank\" rel=\"noopener noreferrer\"><img decoding=\"async\" class=\"alignleft wp-image-951 \" src=\"http:\/\/elasto.hr\/wordpress\/wp-content\/uploads\/2018\/05\/Ikona_Prikljucci.png\" alt=\"Brtve Visokotla\u010dnih Priklju\u010daka\" width=\"110\" height=\"116\" \/><\/a>Brtve visokotla\u010dnih priklju\u010daka rje\u0161avaju probleme istjecanja hidrauli\u010dkog ulja koje nastaje zbog primjene\u00a0<\/span><span style=\"font-size: 16px; text-align: justify;\">neadekvatnih brtvenih rje\u0161enja (uglavnom O-Prstena) u visokotla\u010dnim priklju\u010dcima. Ovdje donosimo bro\u0161uru &#8220;<\/span><a style=\"font-size: 16px; text-align: justify;\" href=\"http:\/\/www.elasto.hr\/Files\/Elasto-Brtve_Visokotlacnih_Prikljucaka.pdf\">Brtve visokotla\u010dnih priklju\u010daka<\/a><span style=\"font-size: 16px; text-align: justify;\">&#8221; u kojoj se nalaze podaci o brtvama tipa MG Prsten i K Prsten, a koji se preporu\u010daju za brtvljenje na spojevima hidrauli\u010dkih priklju\u010daka. Brtve tipa MG Prsten i K Prsten su postojane do 400 bara radnog tlaka i namjenjene su brtvljenju kod svih proizvo\u0111a\u010da strojeva (JCB, Caterpillar, Komatsu, O&amp;K itd.) \u00a0Bro\u0161ura donosi pregled dimenzija i karakteristike proizvoda iz na\u0161eg proizvodnog programa.<\/span><\/p><hr \/><h4><span style=\"color: #333333;\">\u00a0<\/span><span style=\"color: #333333;\">Poliuretanske man\u017eete<\/span><\/h4><p><a href=\"http:\/\/www.elasto.hr\/Files\/Elasto_Poliuretanske_Manzete.pdf\" target=\"_blank\" rel=\"noopener noreferrer\"><img decoding=\"async\" class=\"alignleft wp-image-943 \" src=\"http:\/\/elasto.hr\/wordpress\/wp-content\/uploads\/2018\/05\/Ikona_AU.png\" alt=\"Poliuretanske Man\u017eete\" width=\"110\" height=\"116\" \/><\/a>S ciljem zadovoljenja zahtjeva na\u0161ih klijenata i zbog pove\u0107ane potra\u017enje za poliuretanskim brtvama pro\u0161irili smo na\u0161u ponudu brtvenih elemenata za hidrauliku proizvodima renomiranog talijanskog proizvo\u0111a\u010da. <a href=\"http:\/\/www.elasto.hr\/Files\/Elasto_Poliuretanske_Manzete.pdf\">Ovdje<\/a> se nalazi popis naj\u010de\u0161\u0107e tra\u017eenih tipova i dimenzija koji su odmah dostupni sa na\u0161eg skladi\u0161ta. Obzirom da neprekidno pro\u0161irujemo asortiman dostupnih poliuretanskih man\u017eeta molimo Vas da nas kontaktirate ukoliko na predstavljenom popisu nema tra\u017eene dimenzije.<\/p><hr \/><h4><span style=\"color: #333333;\">\u00a0<\/span><span style=\"color: #333333;\">\u00a0<\/span><\/h4><h4><span style=\"color: #333333;\">Gumeno-tehni\u010dki proizvodi 1<\/span><\/h4><p><a href=\"http:\/\/www.elasto.hr\/Files\/Elasto_NOS.pdf\" target=\"_blank\" rel=\"noopener noreferrer\"><img loading=\"lazy\" decoding=\"async\" class=\"alignleft wp-image-944 \" src=\"http:\/\/elasto.hr\/wordpress\/wp-content\/uploads\/2018\/05\/Ikona_GT1.png\" alt=\"Gumeno-Tehni\u010dki Proizvodi\" width=\"110\" height=\"116\" \/><\/a>Ovdje mo\u017eete preuzeti bro\u0161uru posve\u0107enu gumenim nosa\u010dima, odbojnicima i spojni\u010dkim ulo\u0161cima iz na\u0161eg proizvodnog programa. Gumeni nosa\u010di, odbojnici i spojni\u010dki ulo\u0161ci su \u010desti elementi koji nalaze primjenu u najrazli\u010ditijim industrijskim postrojenjima i strojevima. <a href=\"http:\/\/www.elasto.hr\/Files\/Elasto_NOS.pdf\">Bro\u0161ura<\/a> \u0107e Vam pomo\u0107i u definiranju svih bitnih elemenata koji su potrebni za naru\u010divanje, te \u0107e vam na taj na\u010din biti znatno olak\u0161an svakodnevni posao.<\/p><hr \/><h4><span style=\"color: #333333; line-height: 25.2px;\">\u00a0<\/span><span style=\"color: #333333; line-height: 25.2px;\">\u00a0<\/span><\/h4><h4><span style=\"color: #333333; line-height: 25.2px;\">Rotacijski brtveni sklop tip RBS-U<\/span><\/h4><p><span style=\"color: #000000; line-height: 25.19999885559082px;\"><a href=\"http:\/\/www.elasto.hr\/Files\/RBS-U.pdf\" target=\"_blank\" rel=\"noopener noreferrer\"><img loading=\"lazy\" decoding=\"async\" class=\"alignleft wp-image-952 \" src=\"http:\/\/elasto.hr\/wordpress\/wp-content\/uploads\/2018\/05\/Ikona_RBS.png\" alt=\"Rotacijski Brtveni Sklop\" width=\"110\" height=\"116\" \/><\/a><\/span>Obzirom da relativno \u010desto pro\u0161irujemo asortiman na\u0161ih proizvoda sa potpuno novim linijama, redovito \u0107emo izdavati novije verzije kataloga, a u me\u0111uvremenu \u0107emo izdavati i bro\u0161ure sa pojedinim grupama proizvoda.<\/p><p style=\"text-align: justify;\">Jedna takva bro\u0161ura je ve\u0107 dostupna za preuzimanje, a posve\u0107ena je <a href=\"http:\/\/www.elasto.hr\/Files\/RBS-U.pdf\">rotacijskim brtvenim sklopovima tipa RBS-U<\/a>.<\/p><hr \/><h4 style=\"text-align: justify;\">\u00a0<\/h4><h4 style=\"text-align: justify;\">Ugradnja brtvenih sklopova tipa PBS-U i PBS-V<\/h4><p style=\"text-align: justify;\"><a href=\"http:\/\/elasto.hr\/wordpress\/wp-content\/uploads\/2013\/12\/Ugradnja-PBS-U-PBS-V.pdf\" target=\"_blank\" rel=\"noopener noreferrer\"><img loading=\"lazy\" decoding=\"async\" class=\"alignleft wp-image-949 \" src=\"http:\/\/elasto.hr\/wordpress\/wp-content\/uploads\/2018\/05\/Ikona_Montaza.png\" alt=\"Monta\u017ea Brtvenih Sklopova\" width=\"110\" height=\"116\" \/><\/a>Tijekom godina prakse primjetili smo da korisnici PTFE brtvenih sklopova tipa PBS-U i PBS-V zbog nepravilne ugradnje i o\u0161te\u0107enja koja zbog toga nastaju imaju niz pote\u0161ko\u0107a sa brtvenim sklopova ovih tipova.<\/p><p style=\"text-align: justify;\">Kako bismo pomogli korisnicima pri ugradnji PTFE brtvenih sklopova donosimo ovdje <a href=\"http:\/\/elasto.hr\/wordpress\/wp-content\/uploads\/2013\/12\/Ugradnja-PBS-U-PBS-V.pdf\" target=\"_blank\" rel=\"noopener noreferrer\">bro\u0161uru<\/a> posve\u0107enu upravo temi ugradnje spomenutih sklopova.<\/p><hr \/><h4 style=\"text-align: justify;\"><span style=\"color: #333333;\">\u00a0<\/span><span style=\"color: #333333;\">\u00a0<\/span><\/h4><h4 style=\"text-align: justify;\"><span style=\"color: #333333;\">Tufcot katalog proizvoda<\/span><\/h4><p style=\"text-align: justify;\"><a href=\"http:\/\/www.elasto.hr\/Files\/Tufcot_HR_Product_Catalog.pdf\" target=\"_blank\" rel=\"noopener noreferrer\"><img loading=\"lazy\" decoding=\"async\" class=\"alignleft wp-image-947 \" src=\"http:\/\/elasto.hr\/wordpress\/wp-content\/uploads\/2018\/05\/Ikona_Kompoziti.png\" alt=\"Tufcot Kompozitni Materijali\" width=\"110\" height=\"116\" \/><\/a>Elasto d.o.o. je ovla\u0161teni zastupnik tvrke Tufcot Engineering Ltd. za Hrvatsku, Sloveniju i Bosnu i Hercegovinu. Tvrtka Tufcot Engineering Ltd. renomirani je svjetski proizvo\u0111a\u010d kompozitnih materijala za primjenu u strojogradnji i industriji. Ovdje mo\u017eete preuzeti <a href=\"http:\/\/www.elasto.hr\/Files\/Tufcot_HR_Product_Catalog.pdf\">Tufcot katalog proizvoda<\/a> preveden na hrvatski jezik.<\/p><hr \/><h4 style=\"text-align: justify;\"><span style=\"color: #333333;\">\u00a0<\/span><span style=\"color: #333333;\">\u00a0<\/span><\/h4><h4 style=\"text-align: justify;\"><span style=\"color: #333333;\">\u00a0<\/span><\/h4><h4 style=\"text-align: justify;\"><span style=\"color: #333333;\">Odaberite odgovaraju\u0107i brtveni element<\/span><\/h4><p style=\"text-align: justify;\"><a href=\"http:\/\/www.elasto.hr\/Files\/Elasto_Odabir.pdf\" target=\"_blank\" rel=\"noopener noreferrer\"><img loading=\"lazy\" decoding=\"async\" class=\"alignleft wp-image-945 \" src=\"http:\/\/elasto.hr\/wordpress\/wp-content\/uploads\/2018\/05\/Ikona_Izbor.png\" alt=\"Izbor Brtvenih Elemenata\" width=\"110\" height=\"116\" \/><\/a>Pripremili smo dokument koji \u0107e Vam pomo\u0107i pri snala\u017eenju i odabiru adekvatnog brtvenog elementa iz na\u0161eg proizvodnog programa. Brzo i jednostavno mo\u017eete <a href=\"http:\/\/www.elasto.hr\/Files\/Elasto_Odabir.pdf\">odabrati brtveni element<\/a>, a da se pri tome ne trebate brinuti jeste li ispravno odlu\u010dili.<\/p><hr \/><h4><span style=\"color: #333333; line-height: 25.2px;\">\u00a0<\/span><span style=\"color: #333333; line-height: 25.2px;\">\u00a0<\/span><\/h4><div><span style=\"color: #333333; line-height: 25.2px;\">\u00a0<\/span><\/div><h4><span style=\"color: #333333; line-height: 25.2px;\">Napomena<\/span><\/h4><p><span style=\"font-size: 16px; text-align: left;\"><a href=\"http:\/\/get.adobe.com\/uk\/reader\/\" target=\"_blank\" rel=\"noopener noreferrer\"><img loading=\"lazy\" decoding=\"async\" class=\"alignleft wp-image-992 \" src=\"http:\/\/elasto.hr\/wordpress\/wp-content\/uploads\/2018\/05\/Acrobat_Logo.png\" alt=\"\" width=\"90\" height=\"90\" \/><\/a>Za pregled kataloga i bro\u0161ura va\u017eno je da na svome ra\u010dunalu imate instaliran <\/span><em style=\"font-size: 16px; text-align: left;\">Adobe Acrobat Reader DC<\/em><span style=\"font-size: 16px; text-align: left;\"> kojeg mo\u017eete preuzeti <\/span><a href=\"http:\/\/get.adobe.com\/uk\/reader\/\" target=\"_blank\" rel=\"noopener noreferrer\">ovdje.<\/a><\/p><hr \/><h4>\u00a0<\/h4><h4>\u00a0<\/h4><h4>Dostupno za preuzimanje:<\/h4><p style=\"text-align: left;\"><a href=\"http:\/\/www.elasto.hr\/Files\/Elasto_2018_Katalog.pdf\">Katalog proizvoda 2018.<\/a><\/p><p style=\"text-align: left;\"><a href=\"http:\/\/www.elasto.hr\/Files\/Elasto_Poliuretanske_Manzete.pdf\">Poliuretanske man\u017eete<\/a><\/p><p style=\"text-align: left;\"><a href=\"http:\/\/www.elasto.hr\/Files\/RBS-U.pdf\">Bro\u0161ura RBS-U<\/a><\/p><p style=\"text-align: left;\"><a href=\"http:\/\/www.elasto.hr\/Files\/Elasto_NOS.pdf\">Bro\u0161ura Gumeno-tehni\u010dki proizvodi 1<\/a><\/p><p style=\"text-align: left;\"><a href=\"http:\/\/elasto.hr\/wordpress\/wp-content\/uploads\/2013\/12\/Ugradnja-PBS-U-PBS-V.pdf\" target=\"_blank\" rel=\"noopener noreferrer\">Bro\u0161ura Ugradnja brtvenih sklopova PBS-U i PBS-V<\/a><\/p><p style=\"text-align: left;\"><a href=\"http:\/\/www.elasto.hr\/Files\/Tufcot_HR_Product_Catalog.pdf\">Tufcot\u00ae\u00a0katalog proizvoda<\/a><\/p><p style=\"text-align: left;\"><a href=\"http:\/\/www.elasto.hr\/Files\/Elasto_Odabir.pdf\">Odabir brtvenog elementa prema namjeni<\/a><\/p><p style=\"text-align: left;\"><a href=\"http:\/\/get.adobe.com\/uk\/reader\/\">Adobe Acrobat Reader<\/a><\/p><p><!--:--><!--:en--><\/p>\t\t\t\t\t\t\t\t<\/div>\n\t\t\t\t<\/div>\n\t\t\t\t\t<\/div>\n\t\t<\/div>\n\t\t\t\t\t<\/div>\n\t\t<\/section>\n\t\t\t\t<\/div>\n\t\t","protected":false},"excerpt":{"rendered":"<p>Ovdje mo\u017eete prona\u0107i i preuzeti na\u0161 katalog proizvoda, te niz bro\u0161ura koje Vam mogu pomo\u0107i u svakodnevnom radu. Ukoliko u katalogu ili bro\u0161urama ne na\u0111ete ono \u0161to Vas zanima svakako nas kontaktirajte, sigurni smo da mo\u017eemo prona\u0107i rje\u0161enje Va\u0161eg problema ! \u00a0 Katalog Proizvoda Ve\u0107i dio standardnog asortimana na\u0161ih proizvoda iz programa brtvenih elemenata za hidrauli\u010dke sustave mo\u017eete prona\u0107i u katalogu 2018. koji je ovdje dostupan za preuzimanje u PDF obliku. Osim samih proizvoda, u katalogu mo\u017eete prona\u0107i i niz va\u017enih tehni\u010dkih podataka, karakteristika elastomera, uputa za ugradnju i sl., koji \u0107e Vam sigurno biti od koristi u svakodnevnom radu sa hidrauli\u010dkim sustavima. \u00a0 Brtve visokotla\u010dnih priklju\u010daka Brtve visokotla\u010dnih priklju\u010daka rje\u0161avaju probleme istjecanja hidrauli\u010dkog ulja koje nastaje zbog primjene\u00a0neadekvatnih brtvenih rje\u0161enja (uglavnom O-Prstena) u visokotla\u010dnim priklju\u010dcima. Ovdje donosimo bro\u0161uru &#8220;Brtve visokotla\u010dnih priklju\u010daka&#8221; u kojoj se nalaze podaci o brtvama tipa MG Prsten i K Prsten, a koji se preporu\u010daju za brtvljenje na spojevima hidrauli\u010dkih priklju\u010daka. Brtve tipa MG Prsten i K Prsten su postojane do 400 bara radnog tlaka i namjenjene su brtvljenju kod svih proizvo\u0111a\u010da strojeva (JCB, Caterpillar, Komatsu, O&amp;K itd.) \u00a0Bro\u0161ura donosi pregled dimenzija i karakteristike proizvoda iz na\u0161eg proizvodnog programa. \u00a0Poliuretanske man\u017eete S ciljem zadovoljenja zahtjeva na\u0161ih [&hellip;]<\/p>\n","protected":false},"author":1,"featured_media":0,"parent":0,"menu_order":0,"comment_status":"closed","ping_status":"closed","template":"","meta":{"footnotes":""},"class_list":["post-40","page","type-page","status-publish","hentry"],"_links":{"self":[{"href":"https:\/\/elasto.hr\/wordpress\/wp-json\/wp\/v2\/pages\/40","targetHints":{"allow":["GET"]}}],"collection":[{"href":"https:\/\/elasto.hr\/wordpress\/wp-json\/wp\/v2\/pages"}],"about":[{"href":"https:\/\/elasto.hr\/wordpress\/wp-json\/wp\/v2\/types\/page"}],"author":[{"embeddable":true,"href":"https:\/\/elasto.hr\/wordpress\/wp-json\/wp\/v2\/users\/1"}],"replies":[{"embeddable":true,"href":"https:\/\/elasto.hr\/wordpress\/wp-json\/wp\/v2\/comments?post=40"}],"version-history":[{"count":169,"href":"https:\/\/elasto.hr\/wordpress\/wp-json\/wp\/v2\/pages\/40\/revisions"}],"predecessor-version":[{"id":1242,"href":"https:\/\/elasto.hr\/wordpress\/wp-json\/wp\/v2\/pages\/40\/revisions\/1242"}],"wp:attachment":[{"href":"https:\/\/elasto.hr\/wordpress\/wp-json\/wp\/v2\/media?parent=40"}],"curies":[{"name":"wp","href":"https:\/\/api.w.org\/{rel}","templated":true}]}}