{"id":70,"date":"2013-12-29T08:52:30","date_gmt":"2013-12-29T07:52:30","guid":{"rendered":"http:\/\/elasto.hr\/wordpress\/?page_id=70"},"modified":"2026-01-19T09:17:22","modified_gmt":"2026-01-19T08:17:22","slug":"pocetna","status":"publish","type":"page","link":"https:\/\/elasto.hr\/wordpress\/","title":{"rendered":"<!--:HR-->Elasto Online<!--:-->"},"content":{"rendered":"\t\t<div data-elementor-type=\"wp-page\" data-elementor-id=\"70\" class=\"elementor elementor-70\">\n\t\t\t\t\t\t<section class=\"elementor-section elementor-top-section elementor-element elementor-element-e1a5eb1 elementor-section-boxed elementor-section-height-default elementor-section-height-default\" data-id=\"e1a5eb1\" data-element_type=\"section\">\n\t\t\t\t\t\t<div class=\"elementor-container elementor-column-gap-default\">\n\t\t\t\t\t<div class=\"elementor-column elementor-col-100 elementor-top-column elementor-element elementor-element-0a14aec\" data-id=\"0a14aec\" data-element_type=\"column\">\n\t\t\t<div class=\"elementor-widget-wrap elementor-element-populated\">\n\t\t\t\t\t\t<div class=\"elementor-element elementor-element-8209ecd animated-slow elementor-invisible elementor-widget elementor-widget-heading\" data-id=\"8209ecd\" data-element_type=\"widget\" data-settings=\"{&quot;_animation&quot;:&quot;fadeInRight&quot;,&quot;_animation_delay&quot;:500}\" data-widget_type=\"heading.default\">\n\t\t\t\t<div class=\"elementor-widget-container\">\n\t\t\t\t\t<h2 class=\"elementor-heading-title elementor-size-large\">Dobrodo\u0161li na Elasto Online<\/h2>\t\t\t\t<\/div>\n\t\t\t\t<\/div>\n\t\t\t\t\t<\/div>\n\t\t<\/div>\n\t\t\t\t\t<\/div>\n\t\t<\/section>\n\t\t\t\t<section class=\"elementor-section elementor-top-section elementor-element elementor-element-b215981 elementor-section-boxed elementor-section-height-default elementor-section-height-default\" data-id=\"b215981\" data-element_type=\"section\">\n\t\t\t\t\t\t<div class=\"elementor-container elementor-column-gap-default\">\n\t\t\t\t\t<div class=\"elementor-column elementor-col-100 elementor-top-column elementor-element elementor-element-78d9866\" data-id=\"78d9866\" data-element_type=\"column\">\n\t\t\t<div class=\"elementor-widget-wrap elementor-element-populated\">\n\t\t\t\t\t\t<div class=\"elementor-element elementor-element-c0cb2e1 animated-slow elementor-invisible elementor-widget elementor-widget-text-editor\" data-id=\"c0cb2e1\" data-element_type=\"widget\" data-settings=\"{&quot;_animation&quot;:&quot;fadeInRight&quot;,&quot;_animation_delay&quot;:1000}\" data-widget_type=\"text-editor.default\">\n\t\t\t\t<div class=\"elementor-widget-container\">\n\t\t\t\t\t\t\t\t\t<ul>\n<li>\n<h5><span style=\"color: #808080;\">Proizvodimo brtvene&nbsp; elemente za hidrauli\u010dke i pneumatske sustave, specijalne brtvene elemente, te specijalne gumeno-tehni\u010dke proizvode.<\/span><\/h5>\n<\/li>\n<li>\n<h5><span style=\"color: #808080;\">Nudimo usluge laserskog rezanja nemetala, usluge 3D ispisa, te proizvodimo specifi\u010dne preoizvode prema Va\u0161im zahtjevima.&nbsp;<\/span><\/h5>\n<\/li>\n<\/ul>\t\t\t\t\t\t\t\t<\/div>\n\t\t\t\t<\/div>\n\t\t\t\t\t<\/div>\n\t\t<\/div>\n\t\t\t\t\t<\/div>\n\t\t<\/section>\n\t\t\t\t<section class=\"elementor-section elementor-top-section elementor-element elementor-element-44346b4 elementor-section-boxed elementor-section-height-default elementor-section-height-default\" data-id=\"44346b4\" data-element_type=\"section\">\n\t\t\t\t\t\t<div class=\"elementor-container elementor-column-gap-default\">\n\t\t\t\t\t<div class=\"elementor-column elementor-col-100 elementor-top-column elementor-element elementor-element-a951ada\" data-id=\"a951ada\" data-element_type=\"column\">\n\t\t\t<div class=\"elementor-widget-wrap elementor-element-populated\">\n\t\t\t\t\t\t<div class=\"elementor-element elementor-element-492ca74 elementor-widget elementor-widget-spacer\" data-id=\"492ca74\" data-element_type=\"widget\" data-widget_type=\"spacer.default\">\n\t\t\t\t<div class=\"elementor-widget-container\">\n\t\t\t\t\t\t\t<div class=\"elementor-spacer\">\n\t\t\t<div class=\"elementor-spacer-inner\"><\/div>\n\t\t<\/div>\n\t\t\t\t\t\t<\/div>\n\t\t\t\t<\/div>\n\t\t\t\t\t<\/div>\n\t\t<\/div>\n\t\t\t\t\t<\/div>\n\t\t<\/section>\n\t\t\t\t<\/div>\n\t\t","protected":false},"excerpt":{"rendered":"<p>Dobrodo\u0161li na Elasto Online Proizvodimo brtvene&nbsp; elemente za hidrauli\u010dke i pneumatske sustave, specijalne brtvene elemente, te specijalne gumeno-tehni\u010dke proizvode. Nudimo usluge laserskog rezanja nemetala, usluge 3D ispisa, te proizvodimo specifi\u010dne preoizvode prema Va\u0161im zahtjevima.&nbsp;<\/p>\n","protected":false},"author":1,"featured_media":0,"parent":0,"menu_order":0,"comment_status":"closed","ping_status":"closed","template":"","meta":{"footnotes":""},"class_list":["post-70","page","type-page","status-publish","hentry"],"_links":{"self":[{"href":"https:\/\/elasto.hr\/wordpress\/wp-json\/wp\/v2\/pages\/70","targetHints":{"allow":["GET"]}}],"collection":[{"href":"https:\/\/elasto.hr\/wordpress\/wp-json\/wp\/v2\/pages"}],"about":[{"href":"https:\/\/elasto.hr\/wordpress\/wp-json\/wp\/v2\/types\/page"}],"author":[{"embeddable":true,"href":"https:\/\/elasto.hr\/wordpress\/wp-json\/wp\/v2\/users\/1"}],"replies":[{"embeddable":true,"href":"https:\/\/elasto.hr\/wordpress\/wp-json\/wp\/v2\/comments?post=70"}],"version-history":[{"count":36,"href":"https:\/\/elasto.hr\/wordpress\/wp-json\/wp\/v2\/pages\/70\/revisions"}],"predecessor-version":[{"id":1201,"href":"https:\/\/elasto.hr\/wordpress\/wp-json\/wp\/v2\/pages\/70\/revisions\/1201"}],"wp:attachment":[{"href":"https:\/\/elasto.hr\/wordpress\/wp-json\/wp\/v2\/media?parent=70"}],"curies":[{"name":"wp","href":"https:\/\/api.w.org\/{rel}","templated":true}]}}