{"id":905,"date":"2017-05-11T11:49:44","date_gmt":"2017-05-11T09:49:44","guid":{"rendered":"http:\/\/www.elasto.hr\/?page_id=905"},"modified":"2026-01-20T07:23:16","modified_gmt":"2026-01-20T06:23:16","slug":"lasersko-rezanje","status":"publish","type":"page","link":"https:\/\/elasto.hr\/wordpress\/usluge\/lasersko-rezanje\/","title":{"rendered":"<!--:HR-->Lasersko rezanje<!--:-->"},"content":{"rendered":"\t\t<div data-elementor-type=\"wp-page\" data-elementor-id=\"905\" class=\"elementor elementor-905\">\n\t\t\t\t\t\t<section class=\"elementor-section elementor-top-section elementor-element elementor-element-46fcae91 elementor-section-boxed elementor-section-height-default elementor-section-height-default\" data-id=\"46fcae91\" data-element_type=\"section\">\n\t\t\t\t\t\t<div class=\"elementor-container elementor-column-gap-default\">\n\t\t\t\t\t<div class=\"elementor-column elementor-col-100 elementor-top-column elementor-element elementor-element-70c90295\" data-id=\"70c90295\" data-element_type=\"column\">\n\t\t\t<div class=\"elementor-widget-wrap elementor-element-populated\">\n\t\t\t\t\t\t<div class=\"elementor-element elementor-element-2a579018 animated-slow elementor-invisible elementor-widget elementor-widget-text-editor\" data-id=\"2a579018\" data-element_type=\"widget\" data-settings=\"{&quot;_animation&quot;:&quot;fadeInRight&quot;,&quot;_animation_delay&quot;:400}\" data-widget_type=\"text-editor.default\">\n\t\t\t\t<div class=\"elementor-widget-container\">\n\t\t\t\t\t\t\t\t\t<p><!--:HR--><a href=\"http:\/\/elasto.hr\/wordpress\/wp-content\/uploads\/2017\/05\/Bodor_Laser_2.jpg\"><img decoding=\"async\" class=\"alignleft wp-image-911\" src=\"http:\/\/elasto.hr\/wordpress\/wp-content\/uploads\/2017\/05\/Bodor_Laser_2.jpg\" alt=\"Bodor_Laser_2\" width=\"259\" height=\"165\" \/><\/a>Sukladno neprekidnom razvoju tvrtke, svoje smo usluge pro\u0161irili i uslugom rezanja i graviranja CO2 Laserom.<\/p><p>Bez obzira imate li samo ideju ili posve pripremljeni projekt, obratite nam se sa povjerenjem jer \u0107e na\u0161i stru\u010dnjaci sigurno prona\u0107i najbolje rje\u0161enje za Va\u0161e potrebe.<\/p><p>Ukoliko imate ideju, ali niste sigurni kako je realizirati, mo\u017eemo Vam pomo\u0107i sa razvojem proizvoda koji Vam je potreban.<\/p><p>Na\u010delno, nudimo usluge rezanja i\/ili graviranja <strong>nemetala<\/strong> do 15 mm debljine*, povr\u0161ine 850 mm *550 mm.<\/p><h4>Naj\u010de\u0161\u0107i materijali koje obra\u0111ujemo su:<\/h4><p><strong>A.\/ Elastomeri<\/strong>**<\/p><ul><li>NBR (Perbunan, Buna)<\/li><li>EPDM (Etilen-propilen)<\/li><li>VMQ (Silikon)<\/li><li>FKM (Viton)<\/li><li>AU (Poliuretan)<\/li><li>CR (Neopren)<\/li><li>NR (Prirodna guma)<\/li><\/ul><p><strong>B.\/ Termoplasti<\/strong>**<\/p><ul><li>PMMA (Akrilno staklo, Perspex, Plexiglas)<\/li><li>POM (Poliacetal)<\/li><li>PTFE (Teflon)<\/li><\/ul><p><strong>C.\/ Ostalo<\/strong><\/p><ul><li>Klingerit (bezasbestne plo\u010de)<\/li><li>Filc<\/li><li>Pjenasti (spu\u017evasti) materijali raznih vrsta<\/li><li>Pre\u0161ane plo\u010de na bazi drveta (iverica, MDF i sl.)<\/li><li>Valovita ljepenka<\/li><li>Pre\u0161ana ljepenka<\/li><li>Papir<\/li><\/ul><p>Sve navedeno mo\u017eemo proizvesti i u samoljepljivoj izvedbi. Za sva dodatna pitanja Vas molimo da nas <a title=\"Kontakt\" href=\"http:\/\/www.elasto.hr\/kontakt\/\">kontaktirate<\/a>.<\/p><p><em>* Ovisno o vrsti i tipu materijala<\/em><\/p><p><em>** Nazivi u zagradama su neki komercijalni nazivi materijala i nazivi koji se susre\u0107u u svakodnevnoj praksi.<\/em><!--:--><\/p>\t\t\t\t\t\t\t\t<\/div>\n\t\t\t\t<\/div>\n\t\t\t\t\t<\/div>\n\t\t<\/div>\n\t\t\t\t\t<\/div>\n\t\t<\/section>\n\t\t\t\t<\/div>\n\t\t","protected":false},"excerpt":{"rendered":"<p>Sukladno neprekidnom razvoju tvrtke, svoje smo usluge pro\u0161irili i uslugom rezanja i graviranja CO2 Laserom. Bez obzira imate li samo ideju ili posve pripremljeni projekt, obratite nam se sa povjerenjem jer \u0107e na\u0161i stru\u010dnjaci sigurno prona\u0107i najbolje rje\u0161enje za Va\u0161e potrebe. Ukoliko imate ideju, ali niste sigurni kako je realizirati, mo\u017eemo Vam pomo\u0107i sa razvojem proizvoda koji Vam je potreban. Na\u010delno, nudimo usluge rezanja i\/ili graviranja nemetala do 15 mm debljine*, povr\u0161ine 850 mm *550 mm. Naj\u010de\u0161\u0107i materijali koje obra\u0111ujemo su: A.\/ Elastomeri** NBR (Perbunan, Buna) EPDM (Etilen-propilen) VMQ (Silikon) FKM (Viton) AU (Poliuretan) CR (Neopren) NR (Prirodna guma) B.\/ Termoplasti** PMMA (Akrilno staklo, Perspex, Plexiglas) POM (Poliacetal) PTFE (Teflon) C.\/ Ostalo Klingerit (bezasbestne plo\u010de) Filc Pjenasti (spu\u017evasti) materijali raznih vrsta Pre\u0161ane plo\u010de na bazi drveta (iverica, MDF i sl.) Valovita ljepenka Pre\u0161ana ljepenka Papir Sve navedeno mo\u017eemo proizvesti i u samoljepljivoj izvedbi. Za sva dodatna pitanja Vas molimo da nas kontaktirate. * Ovisno o vrsti i tipu materijala ** Nazivi u zagradama su neki komercijalni nazivi materijala i nazivi koji se susre\u0107u u svakodnevnoj praksi.<\/p>\n","protected":false},"author":1,"featured_media":0,"parent":185,"menu_order":0,"comment_status":"closed","ping_status":"closed","template":"","meta":{"footnotes":""},"class_list":["post-905","page","type-page","status-publish","hentry"],"_links":{"self":[{"href":"https:\/\/elasto.hr\/wordpress\/wp-json\/wp\/v2\/pages\/905","targetHints":{"allow":["GET"]}}],"collection":[{"href":"https:\/\/elasto.hr\/wordpress\/wp-json\/wp\/v2\/pages"}],"about":[{"href":"https:\/\/elasto.hr\/wordpress\/wp-json\/wp\/v2\/types\/page"}],"author":[{"embeddable":true,"href":"https:\/\/elasto.hr\/wordpress\/wp-json\/wp\/v2\/users\/1"}],"replies":[{"embeddable":true,"href":"https:\/\/elasto.hr\/wordpress\/wp-json\/wp\/v2\/comments?post=905"}],"version-history":[{"count":47,"href":"https:\/\/elasto.hr\/wordpress\/wp-json\/wp\/v2\/pages\/905\/revisions"}],"predecessor-version":[{"id":1264,"href":"https:\/\/elasto.hr\/wordpress\/wp-json\/wp\/v2\/pages\/905\/revisions\/1264"}],"up":[{"embeddable":true,"href":"https:\/\/elasto.hr\/wordpress\/wp-json\/wp\/v2\/pages\/185"}],"wp:attachment":[{"href":"https:\/\/elasto.hr\/wordpress\/wp-json\/wp\/v2\/media?parent=905"}],"curies":[{"name":"wp","href":"https:\/\/api.w.org\/{rel}","templated":true}]}}